{"id":13403,"date":"2023-01-31T10:16:24","date_gmt":"2023-01-31T10:16:24","guid":{"rendered":"https:\/\/asmapoland.com\/?page_id=13403"},"modified":"2023-03-02T12:53:17","modified_gmt":"2023-03-02T12:53:17","slug":"regeneracja","status":"publish","type":"page","link":"https:\/\/asmapoland.com\/cs\/nabidka\/regenerace\/","title":{"rendered":"Regenerace"},"content":{"rendered":"<div data-elementor-type=\"wp-page\" data-elementor-id=\"13403\" class=\"elementor elementor-13403\">\n\t\t\t\t\t\t\t\t\t<section class=\"elementor-section elementor-top-section elementor-element elementor-element-8ca46ea elementor-section-boxed elementor-section-height-default elementor-section-height-default\" data-id=\"8ca46ea\" data-element_type=\"section\" data-settings=\"{&quot;background_background&quot;:&quot;gradient&quot;}\">\n\t\t\t\t\t\t<div class=\"elementor-container elementor-column-gap-default\">\n\t\t\t\t\t<div class=\"elementor-column elementor-col-100 elementor-top-column elementor-element elementor-element-3bd8228 top column-style-top\" data-id=\"3bd8228\" data-element_type=\"column\">\n\t\t\t<div class=\"elementor-widget-wrap elementor-element-populated\">\n\t\t\t\t\t\t\t\t<div class=\"elementor-element elementor-element-468fd7e elementor-widget elementor-widget-gva-heading-block\" data-id=\"468fd7e\" data-element_type=\"widget\" data-widget_type=\"gva-heading-block.default\">\n\t\t\t\t<div class=\"elementor-widget-container\">\n\t\t\t<div class=\"gva-element-gva-heading-block gva-element\">   <div class=\"align-left style-1 widget gsc-heading box-align-left\">\r\n      <div class=\"content-inner\">\r\n         \r\n                  \r\n           \r\n         \r\n                     <h1 class=\"title\">\r\n               <span>Polyuretanov\u00e9 v\u00fdrobky<\/span>\r\n            <\/h1>\r\n                  \r\n         \r\n      <\/div>\r\n   <\/div>\r\n   <div class=\"clearfix\"><\/div>\r\n<\/div>\t\t<\/div>\n\t\t\t\t<\/div>\n\t\t\t\t<div class=\"elementor-element elementor-element-5506d45 elementor-widget elementor-widget-gva-services-group\" data-id=\"5506d45\" data-element_type=\"widget\" data-widget_type=\"gva-services-group.default\">\n\t\t\t\t<div class=\"elementor-widget-container\">\n\t\t\t<div class=\"gva-element-gva-services-group gva-element\">\r\n<div class=\"gsc-services-group layout-carousel style-1 no-gutter\">\r\n   <div class=\"init-carousel-owl owl-carousel\" data-items=\"3\" data-items_lg=\"3\" data-items_md=\"3\" data-items_sm=\"2\" data-items_xs=\"2\" data-items_xx=\"1\" data-loop=\"1\" data-speed=\"1000\" data-auto_play=\"0\" data-auto_play_speed=\"1000\" data-auto_play_timeout=\"6000\" data-auto_play_hover=\"1\" data-navigation=\"1\" data-pagination=\"1\" data-mouse_drag=\"1\" data-touch_drag=\"1\" >\r\n               <div class=\"item\">\r\n            \r\n   <div class=\"service-item style-1\">\r\n      <div class=\"service-item-content\">\r\n      \t\t<div class=\"service-image\">\t      \t\r\n\t\t\t\r\n\t\t\t\t\t\t\t<img decoding=\"async\" src=\"https:\/\/asmapoland.com\/wp-content\/uploads\/2023\/02\/regeneracja-walow-poliuretanowych-asmapoland-1.jpg\" alt=\"Obnova polyuretanov\u00fdch h\u0159\u00eddel\u00ed\" \/>\r\n\t\t\t\t\t\r\n\t            \t\t\t<\/div>\r\n            <div class=\"service-content\">\r\n\t\t\t\t\t\t\t\t\t<h3 class=\"title\"><span>Obnova polyuretanov\u00fdch h\u0159\u00eddel\u00ed<\/span><\/h3>\r\n\t\t\t\t\r\n\t\t\t\t\r\n\t\t\t\t\t\t\t\t\t\r\n\t\t\t\t\t<div class=\"read-more\">\r\n\t\t               <a href=\"https:\/\/asmapoland.com\/cs\/nabidka\/regenerace\/regeneracni-polyuretanove-valecky\/\">\r\n\t\t               \t<i class=\"fas fa-long-arrow-alt-right\"><\/i>\r\n\t\t               <\/a>\r\n\t\t            <\/div>\r\n\t\t\t\t\t\t\t<\/div>\r\n\t\t<\/div>\r\n\t\t\r\n\t\t        <a href=\"https:\/\/asmapoland.com\/cs\/nabidka\/regenerace\/regeneracni-polyuretanove-valecky\/\" class=\"link-overlay\" target=\"_blank\"><\/a>\r\n        \t<\/div>\t\t\r\n\t\r\n\r\n\r\n<!-- Style II -->\r\n\t         <\/div>\r\n               <div class=\"item\">\r\n            \r\n   <div class=\"service-item style-1\">\r\n      <div class=\"service-item-content\">\r\n      \t\t<div class=\"service-image\">\t      \t\r\n\t\t\t\r\n\t\t\t\t\t\t\t<img decoding=\"async\" src=\"https:\/\/asmapoland.com\/wp-content\/uploads\/2023\/01\/nowe-produkty.jpeg\" alt=\"Obnova polyuretanov\u00fdch kol\" \/>\r\n\t\t\t\t\t\r\n\t            \t\t\t<\/div>\r\n            <div class=\"service-content\">\r\n\t\t\t\t\t\t\t\t\t<h3 class=\"title\"><span>Obnova polyuretanov\u00fdch kol<\/span><\/h3>\r\n\t\t\t\t\r\n\t\t\t\t\r\n\t\t\t\t\t\t\t\t\t\r\n\t\t\t\t\t<div class=\"read-more\">\r\n\t\t               <a href=\"https:\/\/asmapoland.com\/cs\/nabidka\/regenerace\/regenerace-polyuretanova-kola\/\">\r\n\t\t               \t<i class=\"fas fa-long-arrow-alt-right\"><\/i>\r\n\t\t               <\/a>\r\n\t\t            <\/div>\r\n\t\t\t\t\t\t\t<\/div>\r\n\t\t<\/div>\r\n\t\t\r\n\t\t        <a href=\"https:\/\/asmapoland.com\/cs\/nabidka\/regenerace\/regenerace-polyuretanova-kola\/\" class=\"link-overlay\" target=\"_blank\"><\/a>\r\n        \t<\/div>\t\t\r\n\t\r\n\r\n\r\n<!-- Style II -->\r\n\t         <\/div>\r\n               <div class=\"item\">\r\n            \r\n   <div class=\"service-item style-1\">\r\n      <div class=\"service-item-content\">\r\n      \t\t<div class=\"service-image\">\t      \t\r\n\t\t\t\r\n\t\t\t\t\t\t\t<img decoding=\"async\" src=\"https:\/\/asmapoland.com\/wp-content\/uploads\/2023\/02\/regeneracja-pomp.png\" alt=\"Obnova \u010derpadel Refuller\" \/>\r\n\t\t\t\t\t\r\n\t            \t\t\t<\/div>\r\n            <div class=\"service-content\">\r\n\t\t\t\t\t\t\t\t\t<h3 class=\"title\"><span>Obnova \u010derpadel Refuller<\/span><\/h3>\r\n\t\t\t\t\r\n\t\t\t\t\r\n\t\t\t\t\t\t\t\t\t\r\n\t\t\t\t\t<div class=\"read-more\">\r\n\t\t               <a href=\"https:\/\/asmapoland.com\/cs\/nabidka\/regenerace\/regenerace-cerpadlo-plnic\/\">\r\n\t\t               \t<i class=\"fas fa-long-arrow-alt-right\"><\/i>\r\n\t\t               <\/a>\r\n\t\t            <\/div>\r\n\t\t\t\t\t\t\t<\/div>\r\n\t\t<\/div>\r\n\t\t\r\n\t\t        <a href=\"https:\/\/asmapoland.com\/cs\/nabidka\/regenerace\/regenerace-cerpadlo-plnic\/\" class=\"link-overlay\" target=\"_blank\"><\/a>\r\n        \t<\/div>\t\t\r\n\t\r\n\r\n\r\n<!-- Style II -->\r\n\t         <\/div>\r\n               <div class=\"item\">\r\n            \r\n   <div class=\"service-item style-1\">\r\n      <div class=\"service-item-content\">\r\n      \t\t<div class=\"service-image\">\t      \t\r\n\t\t\t\r\n\t\t\t\t\t\t\t<img decoding=\"async\" src=\"https:\/\/asmapoland.com\/wp-content\/uploads\/2023\/02\/regenracja-maszyn.png\" alt=\"Obnova sou\u010d\u00e1st\u00ed p\u00e1sov\u00fdch stroj\u016f\" \/>\r\n\t\t\t\t\t\r\n\t            \t\t\t<\/div>\r\n            <div class=\"service-content\">\r\n\t\t\t\t\t\t\t\t\t<h3 class=\"title\"><span>Obnova sou\u010d\u00e1st\u00ed p\u00e1sov\u00fdch stroj\u016f<\/span><\/h3>\r\n\t\t\t\t\r\n\t\t\t\t\r\n\t\t\t\t\t\t\t\t\t\r\n\t\t\t\t\t<div class=\"read-more\">\r\n\t\t               <a href=\"https:\/\/asmapoland.com\/cs\/nabidka\/regenerace\/prvky-strojni-zarizeni-benzin\/\">\r\n\t\t               \t<i class=\"fas fa-long-arrow-alt-right\"><\/i>\r\n\t\t               <\/a>\r\n\t\t            <\/div>\r\n\t\t\t\t\t\t\t<\/div>\r\n\t\t<\/div>\r\n\t\t\r\n\t\t        <a href=\"https:\/\/asmapoland.com\/cs\/nabidka\/regenerace\/prvky-strojni-zarizeni-benzin\/\" class=\"link-overlay\" target=\"_blank\"><\/a>\r\n        \t<\/div>\t\t\r\n\t\r\n\r\n\r\n<!-- Style II -->\r\n\t         <\/div>\r\n         <\/div>\r\n<\/div>\r\n<\/div>\t\t<\/div>\n\t\t\t\t<\/div>\n\t\t\t\t\t<\/div>\n\t\t<\/div>\n\t\t\t\t\t\t\t<\/div>\n\t\t<\/section>\n\t\t\t\t<section class=\"elementor-section elementor-top-section elementor-element elementor-element-96907a1 elementor-section-boxed elementor-section-height-default elementor-section-height-default\" data-id=\"96907a1\" data-element_type=\"section\">\n\t\t\t\t\t\t<div class=\"elementor-container elementor-column-gap-default\">\n\t\t\t\t\t<div class=\"elementor-column elementor-col-100 elementor-top-column elementor-element elementor-element-5c5a860 top column-style-top\" data-id=\"5c5a860\" data-element_type=\"column\">\n\t\t\t<div class=\"elementor-widget-wrap elementor-element-populated\">\n\t\t\t\t\t\t\t\t<div class=\"elementor-element elementor-element-9544ba1 elementor-widget elementor-widget-text-editor\" data-id=\"9544ba1\" data-element_type=\"widget\" data-widget_type=\"text-editor.default\">\n\t\t\t\t<div class=\"elementor-widget-container\">\n\t\t\t<style>\/*! elementor - v3.18.0 - 20-12-2023 *\/\n.elementor-widget-text-editor.elementor-drop-cap-view-stacked .elementor-drop-cap{background-color:#69727d;color:#fff}.elementor-widget-text-editor.elementor-drop-cap-view-framed .elementor-drop-cap{color:#69727d;border:3px solid;background-color:transparent}.elementor-widget-text-editor:not(.elementor-drop-cap-view-default) .elementor-drop-cap{margin-top:8px}.elementor-widget-text-editor:not(.elementor-drop-cap-view-default) .elementor-drop-cap-letter{width:1em;height:1em}.elementor-widget-text-editor .elementor-drop-cap{float:left;text-align:center;line-height:1;font-size:50px}.elementor-widget-text-editor .elementor-drop-cap-letter{display:inline-block}<\/style>\t\t\t\t<p>Je snadn\u00e9 pova\u017eovat nov\u00fd v\u00fdrobek za nejlep\u0161\u00ed volbu, ale n\u00e1\u0161 sortiment v\u00e1s donut\u00ed p\u0159em\u00fd\u0161let znovu. Na\u0161e polyuretanov\u00e9 v\u00fdrobky nejsou jen nov\u00fdmi opot\u0159ebiteln\u00fdmi d\u00edly, ale umo\u017e\u0148ujeme z\u00e1kazn\u00edk\u016fm tak\u00e9 p\u0159estavbu st\u00e1vaj\u00edc\u00edch d\u00edl\u016f! D\u00edky jejich vynikaj\u00edc\u00edm adhezn\u00edm vlastnostem a p\u0159izp\u016fsobivosti lze repasovan\u00e9 d\u00edly vyrobit tak, aby fungovaly stejn\u011b jako zcela nov\u00e9 d\u00edly - a to v\u0161e za ni\u017e\u0161\u00ed cenu a krat\u0161\u00ed dodac\u00ed lh\u016ftu, ne\u017e jakou byste o\u010dek\u00e1vali od zcela nov\u00e9ho d\u00edlu. D\u00edky na\u0161emu procesu repasov\u00e1n\u00ed mohou z\u00e1kazn\u00edci snadno dos\u00e1hnout velk\u00fdch \u00faspor na n\u00e1hradn\u00edch d\u00edlech pro jak\u00e9koli odv\u011btv\u00ed.<\/p>\t\t\t\t\t\t<\/div>\n\t\t\t\t<\/div>\n\t\t\t\t\t<\/div>\n\t\t<\/div>\n\t\t\t\t\t\t\t<\/div>\n\t\t<\/section>\n\t\t\t\t<section class=\"elementor-section elementor-top-section elementor-element elementor-element-2113a7f elementor-section-boxed elementor-section-height-default elementor-section-height-default\" data-id=\"2113a7f\" data-element_type=\"section\" data-settings=\"{&quot;background_background&quot;:&quot;classic&quot;}\">\n\t\t\t\t\t\t<div class=\"elementor-container elementor-column-gap-default\">\n\t\t\t\t\t<div class=\"elementor-column elementor-col-50 elementor-top-column elementor-element elementor-element-8c6531c top column-style-top\" data-id=\"8c6531c\" data-element_type=\"column\" data-settings=\"{&quot;background_background&quot;:&quot;classic&quot;}\">\n\t\t\t<div class=\"elementor-widget-wrap elementor-element-populated\">\n\t\t\t\t\t\t\t\t<div class=\"elementor-element elementor-element-5046ddf elementor-widget elementor-widget-heading\" data-id=\"5046ddf\" data-element_type=\"widget\" data-widget_type=\"heading.default\">\n\t\t\t\t<div class=\"elementor-widget-container\">\n\t\t\t<style>\/*! elementor - v3.18.0 - 20-12-2023 *\/\n.elementor-heading-title{padding:0;margin:0;line-height:1}.elementor-widget-heading .elementor-heading-title[class*=elementor-size-]>a{color:inherit;font-size:inherit;line-height:inherit}.elementor-widget-heading .elementor-heading-title.elementor-size-small{font-size:15px}.elementor-widget-heading .elementor-heading-title.elementor-size-medium{font-size:19px}.elementor-widget-heading .elementor-heading-title.elementor-size-large{font-size:29px}.elementor-widget-heading .elementor-heading-title.elementor-size-xl{font-size:39px}.elementor-widget-heading .elementor-heading-title.elementor-size-xxl{font-size:59px}<\/style><h3 class=\"elementor-heading-title elementor-size-default\">Pot\u0159ebujete pomoc?<\/h3>\t\t<\/div>\n\t\t\t\t<\/div>\n\t\t\t\t<div class=\"elementor-element elementor-element-5edadd0 elementor-widget__width-initial elementor-widget-tablet__width-inherit elementor-widget elementor-widget-text-editor\" data-id=\"5edadd0\" data-element_type=\"widget\" data-widget_type=\"text-editor.default\">\n\t\t\t\t<div class=\"elementor-widget-container\">\n\t\t\t\t\t\t\t<p>Klikn\u011bte na tla\u010d\u00edtko \"KONTAKT\", vypl\u0148te a ode\u0161lete p\u0159ihl\u00e1\u0161ku. Budeme v\u00e1s kontaktovat do jednoho pracovn\u00edho dne.<\/p>\t\t\t\t\t\t<\/div>\n\t\t\t\t<\/div>\n\t\t\t\t\t<\/div>\n\t\t<\/div>\n\t\t\t\t<div class=\"elementor-column elementor-col-50 elementor-top-column elementor-element elementor-element-fedc37e top column-style-top\" data-id=\"fedc37e\" data-element_type=\"column\">\n\t\t\t<div class=\"elementor-widget-wrap elementor-element-populated\">\n\t\t\t\t\t\t\t\t<div class=\"elementor-element elementor-element-3d5b653 elementor-align-justify elementor-widget elementor-widget-button\" data-id=\"3d5b653\" data-element_type=\"widget\" data-widget_type=\"button.default\">\n\t\t\t\t<div class=\"elementor-widget-container\">\n\t\t\t\t\t<div class=\"elementor-button-wrapper\">\n\t\t\t<a class=\"elementor-button elementor-button-link elementor-size-sm\" href=\"#elementor-action%3Aaction%3Dpopup%3Aopen%26settings%3DeyJpZCI6IjEzNDEzIiwidG9nZ2xlIjpmYWxzZX0%3D\">\n\t\t\t\t\t\t<span class=\"elementor-button-content-wrapper\">\n\t\t\t\t\t\t<span class=\"elementor-button-text\">Kontakt<\/span>\n\t\t<\/span>\n\t\t\t\t\t<\/a>\n\t\t<\/div>\n\t\t\t\t<\/div>\n\t\t\t\t<\/div>\n\t\t\t\t\t<\/div>\n\t\t<\/div>\n\t\t\t\t\t\t\t<\/div>\n\t\t<\/section>\n\t\t\t\t\t\t\t<\/div>","protected":false},"excerpt":{"rendered":"<p>Polyuretanov\u00e9 v\u00fdrobky Repasov\u00e1n\u00ed polyuretanov\u00fdch h\u0159\u00eddel\u00ed Repasov\u00e1n\u00ed polyuretanov\u00fdch kol Repasov\u00e1n\u00ed \u010derpadel Repasov\u00e1n\u00ed p\u0159epl\u0148ovac\u00edch stroj\u016f Sou\u010d\u00e1sti stroj\u016f Caterpillar Je snadn\u00e9 pova\u017eovat nov\u00fd v\u00fdrobek za nejlep\u0161\u00ed volbu, ale n\u00e1\u0161 sortiment v\u00e1s donut\u00ed p\u0159em\u00fd\u0161let znovu. Na\u0161e polyuretanov\u00e9 v\u00fdrobky nejsou jen nov\u00e9 opot\u0159ebiteln\u00e9 d\u00edly, ale umo\u017e\u0148ujeme z\u00e1kazn\u00edk\u016fm tak\u00e9 repasovat ty st\u00e1vaj\u00edc\u00ed! D\u00edky vynikaj\u00edc\u00edm adhezn\u00edm vlastnostem [...].<\/p>","protected":false},"author":1,"featured_media":0,"parent":3124,"menu_order":2,"comment_status":"closed","ping_status":"closed","template":"","meta":{"_monsterinsights_skip_tracking":false,"_monsterinsights_sitenote_active":false,"_monsterinsights_sitenote_note":"","_monsterinsights_sitenote_category":0},"acf":[],"yoast_head":"<!-- This site is optimized with the Yoast SEO plugin v20.2.1 - https:\/\/yoast.com\/wordpress\/plugins\/seo\/ -->\n<title>Regeneracja - Asmapoland<\/title>\n<meta name=\"robots\" content=\"index, follow, max-snippet:-1, max-image-preview:large, max-video-preview:-1\" \/>\n<link rel=\"canonical\" href=\"https:\/\/asmapoland.com\/cs\/nabidka\/regenerace\/\" \/>\n<meta property=\"og:locale\" content=\"cs_CZ\" \/>\n<meta property=\"og:type\" content=\"article\" \/>\n<meta property=\"og:title\" content=\"Regeneracja - Asmapoland\" \/>\n<meta property=\"og:description\" content=\"Wyroby z poliuretanu Regeneracja wa\u0142\u00f3w poliuretanowych Regeneracja k\u00f3\u0142 poliuretanowych Regeneracja pomp Refuler\u00f3w Regeneracja element\u00f3w maszyn g\u0105sienicowych \u0141atwo jest my\u015ble\u0107 o nowym produkcie jako o najlepszym wyborze, ale nasza oferta sprawia, \u017ce mo\u017cna pomy\u015ble\u0107 jeszcze raz. Nasze produkty poliuretanowe to nie tylko nowe cz\u0119\u015bci zu\u017cywalne, ale umo\u017cliwiamy r\u00f3wnie\u017c klientom odbudow\u0119 ju\u017c istniej\u0105cych! Dzi\u0119ki doskona\u0142ym w\u0142a\u015bciwo\u015bciom adhezyjnym [&hellip;]\" \/>\n<meta property=\"og:url\" content=\"https:\/\/asmapoland.com\/cs\/nabidka\/regenerace\/\" \/>\n<meta property=\"og:site_name\" content=\"Asmapoland\" \/>\n<meta property=\"article:modified_time\" content=\"2023-03-02T12:53:17+00:00\" \/>\n<meta property=\"og:image\" content=\"https:\/\/asmapoland.com\/wp-content\/uploads\/2023\/02\/regeneracja-walow-poliuretanowych-asmapoland-1.jpg\" \/>\n<meta name=\"twitter:card\" content=\"summary_large_image\" \/>\n<meta name=\"twitter:label1\" content=\"Odhadovan\u00e1 doba \u010dten\u00ed\" \/>\n\t<meta name=\"twitter:data1\" content=\"1 minuta\" \/>\n<script type=\"application\/ld+json\" class=\"yoast-schema-graph\">{\"@context\":\"https:\/\/schema.org\",\"@graph\":[{\"@type\":\"WebPage\",\"@id\":\"https:\/\/asmapoland.com\/oferta\/regeneracja\/\",\"url\":\"https:\/\/asmapoland.com\/oferta\/regeneracja\/\",\"name\":\"Regeneracja - Asmapoland\",\"isPartOf\":{\"@id\":\"https:\/\/asmapoland.com\/cs\/#website\"},\"datePublished\":\"2023-01-31T10:16:24+00:00\",\"dateModified\":\"2023-03-02T12:53:17+00:00\",\"breadcrumb\":{\"@id\":\"https:\/\/asmapoland.com\/oferta\/regeneracja\/#breadcrumb\"},\"inLanguage\":\"cs\",\"potentialAction\":[{\"@type\":\"ReadAction\",\"target\":[\"https:\/\/asmapoland.com\/oferta\/regeneracja\/\"]}]},{\"@type\":\"BreadcrumbList\",\"@id\":\"https:\/\/asmapoland.com\/oferta\/regeneracja\/#breadcrumb\",\"itemListElement\":[{\"@type\":\"ListItem\",\"position\":1,\"name\":\"Strona g\u0142\u00f3wna\",\"item\":\"https:\/\/asmapoland.com\/\"},{\"@type\":\"ListItem\",\"position\":2,\"name\":\"Oferta\",\"item\":\"https:\/\/asmapoland.com\/oferta\/\"},{\"@type\":\"ListItem\",\"position\":3,\"name\":\"Regeneracja\"}]},{\"@type\":\"WebSite\",\"@id\":\"https:\/\/asmapoland.com\/cs\/#website\",\"url\":\"https:\/\/asmapoland.com\/cs\/\",\"name\":\"Asmapoland\",\"description\":\"Kolejna witryna WordPress\",\"potentialAction\":[{\"@type\":\"SearchAction\",\"target\":{\"@type\":\"EntryPoint\",\"urlTemplate\":\"https:\/\/asmapoland.com\/cs\/?s={search_term_string}\"},\"query-input\":\"required name=search_term_string\"}],\"inLanguage\":\"cs\"}]}<\/script>\n<!-- \/ Yoast SEO plugin. -->","yoast_head_json":{"title":"Regeneracja - Asmapoland","robots":{"index":"index","follow":"follow","max-snippet":"max-snippet:-1","max-image-preview":"max-image-preview:large","max-video-preview":"max-video-preview:-1"},"canonical":"https:\/\/asmapoland.com\/cs\/nabidka\/regenerace\/","og_locale":"cs_CZ","og_type":"article","og_title":"Regeneracja - Asmapoland","og_description":"Wyroby z poliuretanu Regeneracja wa\u0142\u00f3w poliuretanowych Regeneracja k\u00f3\u0142 poliuretanowych Regeneracja pomp Refuler\u00f3w Regeneracja element\u00f3w maszyn g\u0105sienicowych \u0141atwo jest my\u015ble\u0107 o nowym produkcie jako o najlepszym wyborze, ale nasza oferta sprawia, \u017ce mo\u017cna pomy\u015ble\u0107 jeszcze raz. Nasze produkty poliuretanowe to nie tylko nowe cz\u0119\u015bci zu\u017cywalne, ale umo\u017cliwiamy r\u00f3wnie\u017c klientom odbudow\u0119 ju\u017c istniej\u0105cych! Dzi\u0119ki doskona\u0142ym w\u0142a\u015bciwo\u015bciom adhezyjnym [&hellip;]","og_url":"https:\/\/asmapoland.com\/cs\/nabidka\/regenerace\/","og_site_name":"Asmapoland","article_modified_time":"2023-03-02T12:53:17+00:00","og_image":[{"url":"https:\/\/asmapoland.com\/wp-content\/uploads\/2023\/02\/regeneracja-walow-poliuretanowych-asmapoland-1.jpg"}],"twitter_card":"summary_large_image","twitter_misc":{"Odhadovan\u00e1 doba \u010dten\u00ed":"1 minuta"},"schema":{"@context":"https:\/\/schema.org","@graph":[{"@type":"WebPage","@id":"https:\/\/asmapoland.com\/oferta\/regeneracja\/","url":"https:\/\/asmapoland.com\/oferta\/regeneracja\/","name":"Regeneracja - Asmapoland","isPartOf":{"@id":"https:\/\/asmapoland.com\/cs\/#website"},"datePublished":"2023-01-31T10:16:24+00:00","dateModified":"2023-03-02T12:53:17+00:00","breadcrumb":{"@id":"https:\/\/asmapoland.com\/oferta\/regeneracja\/#breadcrumb"},"inLanguage":"cs","potentialAction":[{"@type":"ReadAction","target":["https:\/\/asmapoland.com\/oferta\/regeneracja\/"]}]},{"@type":"BreadcrumbList","@id":"https:\/\/asmapoland.com\/oferta\/regeneracja\/#breadcrumb","itemListElement":[{"@type":"ListItem","position":1,"name":"Strona g\u0142\u00f3wna","item":"https:\/\/asmapoland.com\/"},{"@type":"ListItem","position":2,"name":"Oferta","item":"https:\/\/asmapoland.com\/oferta\/"},{"@type":"ListItem","position":3,"name":"Regeneracja"}]},{"@type":"WebSite","@id":"https:\/\/asmapoland.com\/cs\/#website","url":"https:\/\/asmapoland.com\/cs\/","name":"Asmapoland","description":"Kolejna witryna WordPress","potentialAction":[{"@type":"SearchAction","target":{"@type":"EntryPoint","urlTemplate":"https:\/\/asmapoland.com\/cs\/?s={search_term_string}"},"query-input":"required name=search_term_string"}],"inLanguage":"cs"}]}},"_links":{"self":[{"href":"https:\/\/asmapoland.com\/cs\/wp-json\/wp\/v2\/pages\/13403"}],"collection":[{"href":"https:\/\/asmapoland.com\/cs\/wp-json\/wp\/v2\/pages"}],"about":[{"href":"https:\/\/asmapoland.com\/cs\/wp-json\/wp\/v2\/types\/page"}],"author":[{"embeddable":true,"href":"https:\/\/asmapoland.com\/cs\/wp-json\/wp\/v2\/users\/1"}],"replies":[{"embeddable":true,"href":"https:\/\/asmapoland.com\/cs\/wp-json\/wp\/v2\/comments?post=13403"}],"version-history":[{"count":0,"href":"https:\/\/asmapoland.com\/cs\/wp-json\/wp\/v2\/pages\/13403\/revisions"}],"up":[{"embeddable":true,"href":"https:\/\/asmapoland.com\/cs\/wp-json\/wp\/v2\/pages\/3124"}],"wp:attachment":[{"href":"https:\/\/asmapoland.com\/cs\/wp-json\/wp\/v2\/media?parent=13403"}],"curies":[{"name":"wp","href":"https:\/\/api.w.org\/{rel}","templated":true}]}}