{"id":3124,"date":"2018-07-05T01:04:27","date_gmt":"2018-07-05T01:04:27","guid":{"rendered":"https:\/\/www.gavias-theme.com\/wp\/inusti\/?page_id=3124"},"modified":"2026-03-10T13:23:33","modified_gmt":"2026-03-10T13:23:33","slug":"oferta","status":"publish","type":"page","link":"https:\/\/asmapoland.com\/cs\/nabidka\/","title":{"rendered":"Nab\u00eddka"},"content":{"rendered":"<div data-elementor-type=\"wp-post\" data-elementor-id=\"3124\" class=\"elementor elementor-3124\">\n\t\t\t\t\t\t\t\t\t<section class=\"elementor-section elementor-top-section elementor-element elementor-element-51127ab elementor-section-boxed elementor-section-height-default elementor-section-height-default\" data-id=\"51127ab\" data-element_type=\"section\" data-settings=\"{&quot;background_background&quot;:&quot;gradient&quot;}\">\n\t\t\t\t\t\t<div class=\"elementor-container elementor-column-gap-default\">\n\t\t\t\t\t<div class=\"elementor-column elementor-col-100 elementor-top-column elementor-element elementor-element-d5d42f1 top column-style-top\" data-id=\"d5d42f1\" data-element_type=\"column\">\n\t\t\t<div class=\"elementor-widget-wrap elementor-element-populated\">\n\t\t\t\t\t\t\t\t<div class=\"elementor-element elementor-element-f1962ce elementor-widget elementor-widget-gva-heading-block\" data-id=\"f1962ce\" data-element_type=\"widget\" data-widget_type=\"gva-heading-block.default\">\n\t\t\t\t<div class=\"elementor-widget-container\">\n\t\t\t<div class=\"gva-element-gva-heading-block gva-element\">   <div class=\"align-left style-1 widget gsc-heading box-align-left\">\r\n      <div class=\"content-inner\">\r\n         \r\n                  \r\n           \r\n         \r\n                     <h2 class=\"title\">\r\n               <span>Zpracov\u00e1n\u00ed plast\u016f<\/span>\r\n            <\/h2>\r\n                  \r\n         \r\n      <\/div>\r\n   <\/div>\r\n   <div class=\"clearfix\"><\/div>\r\n<\/div>\t\t<\/div>\n\t\t\t\t<\/div>\n\t\t\t\t<div class=\"elementor-element elementor-element-56f74ce elementor-widget elementor-widget-gva-services-group\" data-id=\"56f74ce\" data-element_type=\"widget\" data-widget_type=\"gva-services-group.default\">\n\t\t\t\t<div class=\"elementor-widget-container\">\n\t\t\t<div class=\"gva-element-gva-services-group gva-element\">\r\n<div class=\"gsc-services-group layout-grid\">\r\n   <div class=\"lg-block-grid-2 md-block-grid-2 sm-block-grid-2 xs-block-grid-1 xx-block-grid-1\">\r\n               <div class=\"item-columns\">\r\n            \r\n   <div class=\"service-item style-1\">\r\n      <div class=\"service-item-content\">\r\n      \t\t<div class=\"service-image\">\t      \t\r\n\t\t\t\r\n\t\t\t\t\t\t\t<img decoding=\"async\" src=\"https:\/\/asmapoland.com\/wp-content\/uploads\/2023\/01\/nowe-produkty.jpeg\" alt=\"Nov\u00e9 produkty\" \/>\r\n\t\t\t\t\t\r\n\t            \t\t\t<\/div>\r\n            <div class=\"service-content\">\r\n\t\t\t\t\t\t\t\t\t<h3 class=\"title\"><span>Nov\u00e9 produkty<\/span><\/h3>\r\n\t\t\t\t\r\n\t\t\t\t\t\t\t\t\t<div class=\"desc\">V\u00fdroba technick\u00fdch d\u00edl\u016f z polyuretanu.<\/div>\r\n\t\t\t\t\r\n\t\t\t\t\t\t\t\t\t\r\n\t\t\t\t\t<div class=\"read-more\">\r\n\t\t               <a href=\"https:\/\/asmapoland.com\/cs\/nabidka\/produkty-nove\/\">\r\n\t\t               \t<i class=\"fas fa-long-arrow-alt-right\"><\/i>\r\n\t\t               <\/a>\r\n\t\t            <\/div>\r\n\t\t\t\t\t\t\t<\/div>\r\n\t\t<\/div>\r\n\t\t\r\n\t\t        <a href=\"https:\/\/asmapoland.com\/cs\/nabidka\/produkty-nove\/\" class=\"link-overlay\" target=\"_blank\"><\/a>\r\n        \t<\/div>\t\t\r\n\t\r\n\r\n\r\n<!-- Style II -->\r\n\t         <\/div>\r\n               <div class=\"item-columns\">\r\n            \r\n   <div class=\"service-item style-1\">\r\n      <div class=\"service-item-content\">\r\n      \t\t<div class=\"service-image\">\t      \t\r\n\t\t\t\r\n\t\t\t\t\t\t\t<img decoding=\"async\" src=\"https:\/\/asmapoland.com\/wp-content\/uploads\/2023\/01\/regeneracja-wyrobow.png\" alt=\"Obnova opot\u0159ebiteln\u00fdch d\u00edl\u016f\" \/>\r\n\t\t\t\t\t\r\n\t            \t\t\t<\/div>\r\n            <div class=\"service-content\">\r\n\t\t\t\t\t\t\t\t\t<h3 class=\"title\"><span>Obnova opot\u0159ebiteln\u00fdch d\u00edl\u016f<\/span><\/h3>\r\n\t\t\t\t\r\n\t\t\t\t\t\t\t\t\t<div class=\"desc\">Obnova r\u016fzn\u00fdch technick\u00fdch sou\u010d\u00e1st\u00ed.<\/div>\r\n\t\t\t\t\r\n\t\t\t\t\t\t\t\t\t\r\n\t\t\t\t\t<div class=\"read-more\">\r\n\t\t               <a href=\"https:\/\/asmapoland.com\/cs\/nabidka\/regenerace\/\">\r\n\t\t               \t<i class=\"fas fa-long-arrow-alt-right\"><\/i>\r\n\t\t               <\/a>\r\n\t\t            <\/div>\r\n\t\t\t\t\t\t\t<\/div>\r\n\t\t<\/div>\r\n\t\t\r\n\t\t        <a href=\"https:\/\/asmapoland.com\/cs\/nabidka\/regenerace\/\" class=\"link-overlay\" target=\"_blank\"><\/a>\r\n        \t<\/div>\t\t\r\n\t\r\n\r\n\r\n<!-- Style II -->\r\n\t         <\/div>\r\n         <\/div>   \r\n<\/div>\r\n<\/div>\t\t<\/div>\n\t\t\t\t<\/div>\n\t\t\t\t\t<\/div>\n\t\t<\/div>\n\t\t\t\t\t\t\t<\/div>\n\t\t<\/section>\n\t\t\t\t<section class=\"elementor-section elementor-top-section elementor-element elementor-element-2cb61f2 elementor-section-full_width elementor-section-height-default elementor-section-height-default\" data-id=\"2cb61f2\" data-element_type=\"section\">\n\t\t\t\t\t\t<div class=\"elementor-container elementor-column-gap-no\">\n\t\t\t\t\t<div class=\"elementor-column elementor-col-100 elementor-top-column elementor-element elementor-element-05b6b38 top column-style-top\" data-id=\"05b6b38\" data-element_type=\"column\">\n\t\t\t<div class=\"elementor-widget-wrap elementor-element-populated\">\n\t\t\t\t\t\t\t\t<section class=\"elementor-section elementor-inner-section elementor-element elementor-element-cb37a5c elementor-section-boxed elementor-section-height-default elementor-section-height-default\" data-id=\"cb37a5c\" data-element_type=\"section\">\n\t\t\t\t\t\t<div class=\"elementor-container elementor-column-gap-no\">\n\t\t\t\t\t<div class=\"elementor-column elementor-col-33 elementor-inner-column elementor-element elementor-element-4e578d0 top column-style-top\" data-id=\"4e578d0\" data-element_type=\"column\" data-settings=\"{&quot;background_background&quot;:&quot;classic&quot;}\" data-e-bg-lazyload=\".elementor-element-populated\">\n\t\t\t<div class=\"elementor-widget-wrap elementor-element-populated\">\n\t\t\t\t\t\t\t\t<div class=\"elementor-element elementor-element-45ed638 elementor-widget elementor-widget-spacer\" data-id=\"45ed638\" data-element_type=\"widget\" data-widget_type=\"spacer.default\">\n\t\t\t\t<div class=\"elementor-widget-container\">\n\t\t\t<style>\/*! elementor - v3.18.0 - 20-12-2023 *\/\n.elementor-column .elementor-spacer-inner{height:var(--spacer-size)}.e-con{--container-widget-width:100%}.e-con-inner>.elementor-widget-spacer,.e-con>.elementor-widget-spacer{width:var(--container-widget-width,var(--spacer-size));--align-self:var(--container-widget-align-self,initial);--flex-shrink:0}.e-con-inner>.elementor-widget-spacer>.elementor-widget-container,.e-con>.elementor-widget-spacer>.elementor-widget-container{height:100%;width:100%}.e-con-inner>.elementor-widget-spacer>.elementor-widget-container>.elementor-spacer,.e-con>.elementor-widget-spacer>.elementor-widget-container>.elementor-spacer{height:100%}.e-con-inner>.elementor-widget-spacer>.elementor-widget-container>.elementor-spacer>.elementor-spacer-inner,.e-con>.elementor-widget-spacer>.elementor-widget-container>.elementor-spacer>.elementor-spacer-inner{height:var(--container-widget-height,var(--spacer-size))}.e-con-inner>.elementor-widget-spacer.elementor-widget-empty,.e-con>.elementor-widget-spacer.elementor-widget-empty{position:relative;min-height:22px;min-width:22px}.e-con-inner>.elementor-widget-spacer.elementor-widget-empty .elementor-widget-empty-icon,.e-con>.elementor-widget-spacer.elementor-widget-empty .elementor-widget-empty-icon{position:absolute;top:0;bottom:0;left:0;right:0;margin:auto;padding:0;width:22px;height:22px}<\/style>\t\t<div class=\"elementor-spacer\">\n\t\t\t<div class=\"elementor-spacer-inner\"><\/div>\n\t\t<\/div>\n\t\t\t\t<\/div>\n\t\t\t\t<\/div>\n\t\t\t\t\t<\/div>\n\t\t<\/div>\n\t\t\t\t<div class=\"elementor-column elementor-col-33 elementor-inner-column elementor-element elementor-element-ef43e1c top column-style-top\" data-id=\"ef43e1c\" data-element_type=\"column\" data-settings=\"{&quot;background_background&quot;:&quot;classic&quot;}\">\n\t\t\t<div class=\"elementor-widget-wrap elementor-element-populated\">\n\t\t\t\t\t\t\t\t<div class=\"elementor-element elementor-element-1f6ce16 elementor-widget elementor-widget-text-editor\" data-id=\"1f6ce16\" data-element_type=\"widget\" data-widget_type=\"text-editor.default\">\n\t\t\t\t<div class=\"elementor-widget-container\">\n\t\t\t<style>\/*! elementor - v3.18.0 - 20-12-2023 *\/\n.elementor-widget-text-editor.elementor-drop-cap-view-stacked .elementor-drop-cap{background-color:#69727d;color:#fff}.elementor-widget-text-editor.elementor-drop-cap-view-framed .elementor-drop-cap{color:#69727d;border:3px solid;background-color:transparent}.elementor-widget-text-editor:not(.elementor-drop-cap-view-default) .elementor-drop-cap{margin-top:8px}.elementor-widget-text-editor:not(.elementor-drop-cap-view-default) .elementor-drop-cap-letter{width:1em;height:1em}.elementor-widget-text-editor .elementor-drop-cap{float:left;text-align:center;line-height:1;font-size:50px}.elementor-widget-text-editor .elementor-drop-cap-letter{display:inline-block}<\/style>\t\t\t\t<p>Kontaktujte spole\u010dnost ASMA POLSKO je\u0161t\u011b dnes.<br \/>P\u0159esv\u011bd\u010dte se sami, \u017ee spolupr\u00e1ce s na\u0161\u00ed spole\u010dnost\u00ed je tou nejlep\u0161\u00ed volbou a<br \/>V\u00e1\u0161 projekt zpracov\u00e1n\u00ed plast\u016f je v dobr\u00fdch rukou.\u00a0<\/p>\t\t\t\t\t\t<\/div>\n\t\t\t\t<\/div>\n\t\t\t\t\t<\/div>\n\t\t<\/div>\n\t\t\t\t<div class=\"elementor-column elementor-col-33 elementor-inner-column elementor-element elementor-element-98f2b4d top column-style-top\" data-id=\"98f2b4d\" data-element_type=\"column\" data-settings=\"{&quot;background_background&quot;:&quot;classic&quot;}\">\n\t\t\t<div class=\"elementor-widget-wrap elementor-element-populated\">\n\t\t\t\t\t\t\t\t<div class=\"elementor-element elementor-element-94316e2 elementor-widget elementor-widget-text-editor\" data-id=\"94316e2\" data-element_type=\"widget\" data-widget_type=\"text-editor.default\">\n\t\t\t\t<div class=\"elementor-widget-container\">\n\t\t\t\t\t\t\t<p>Z\u00edskejte odbornou pomoc<\/p>\t\t\t\t\t\t<\/div>\n\t\t\t\t<\/div>\n\t\t\t\t<div class=\"elementor-element elementor-element-fca6e9e elementor-widget elementor-widget-text-editor\" data-id=\"fca6e9e\" data-element_type=\"widget\" data-widget_type=\"text-editor.default\">\n\t\t\t\t<div class=\"elementor-widget-container\">\n\t\t\t\t\t\t\t<p><a href=\"tel:+48539020702\"><span class=\"elementor-icon-list-text\">+48 539 020 702<\/span><\/a><\/p>\t\t\t\t\t\t<\/div>\n\t\t\t\t<\/div>\n\t\t\t\t\t<\/div>\n\t\t<\/div>\n\t\t\t\t\t\t\t<\/div>\n\t\t<\/section>\n\t\t\t\t\t<\/div>\n\t\t<\/div>\n\t\t\t\t\t\t\t<\/div>\n\t\t<\/section>\n\t\t\t\t<section class=\"elementor-section elementor-top-section elementor-element elementor-element-0553b93 elementor-section-boxed elementor-section-height-default elementor-section-height-default\" data-id=\"0553b93\" data-element_type=\"section\">\n\t\t\t\t\t\t<div class=\"elementor-container elementor-column-gap-default\">\n\t\t\t\t\t<div class=\"elementor-column elementor-col-100 elementor-top-column elementor-element elementor-element-197712b top column-style-top\" data-id=\"197712b\" data-element_type=\"column\">\n\t\t\t<div class=\"elementor-widget-wrap elementor-element-populated\">\n\t\t\t\t\t\t\t\t<div class=\"elementor-element elementor-element-2369087 elementor-widget elementor-widget-text-editor\" data-id=\"2369087\" data-element_type=\"widget\" data-widget_type=\"text-editor.default\">\n\t\t\t\t<div class=\"elementor-widget-container\">\n\t\t\t\t\t\t\t<p>Spole\u010dnost Asma Polska dod\u00e1v\u00e1 podnik\u016fm v pr\u016fmyslov\u00fdch odv\u011btv\u00edch nov\u00e9 technick\u00e9 d\u00edly z polyuretanu. Krom\u011b toho nab\u00edz\u00edme tak\u00e9 slu\u017eby obnovy. Repasov\u00e1n\u00ed obvykle trv\u00e1 krat\u0161\u00ed dobu ne\u017e v\u00fdroba kompletn\u00edho d\u00edlu od za\u010d\u00e1tku. Dal\u0161\u00ed v\u00fdhodou repasov\u00e1n\u00ed polyuretanov\u00fdch technick\u00fdch d\u00edl\u016f jsou ni\u017e\u0161\u00ed n\u00e1klady. Polyuretanov\u00e9 v\u00fdrobky zad\u00e1van\u00e9 spole\u010dnosti Asma Polska jsou tou nejlep\u0161\u00ed volbou. Na\u0161i nab\u00eddku p\u0159izp\u016fsob\u00edme va\u0161im pot\u0159eb\u00e1m, abychom splnili va\u0161e nejvy\u0161\u0161\u00ed o\u010dek\u00e1v\u00e1n\u00ed.<\/p>\t\t\t\t\t\t<\/div>\n\t\t\t\t<\/div>\n\t\t\t\t\t<\/div>\n\t\t<\/div>\n\t\t\t\t\t\t\t<\/div>\n\t\t<\/section>\n\t\t\t\t<section class=\"elementor-section elementor-top-section elementor-element elementor-element-d7bf8e4 elementor-section-boxed elementor-section-height-default elementor-section-height-default\" data-id=\"d7bf8e4\" data-element_type=\"section\" data-settings=\"{&quot;background_background&quot;:&quot;classic&quot;}\">\n\t\t\t\t\t\t<div class=\"elementor-container elementor-column-gap-default\">\n\t\t\t\t\t<div class=\"elementor-column elementor-col-50 elementor-top-column elementor-element elementor-element-0ff27ba top column-style-top\" data-id=\"0ff27ba\" data-element_type=\"column\" data-settings=\"{&quot;background_background&quot;:&quot;classic&quot;}\">\n\t\t\t<div class=\"elementor-widget-wrap elementor-element-populated\">\n\t\t\t\t\t\t\t\t<div class=\"elementor-element elementor-element-4ef9732 elementor-widget elementor-widget-heading\" data-id=\"4ef9732\" data-element_type=\"widget\" data-widget_type=\"heading.default\">\n\t\t\t\t<div class=\"elementor-widget-container\">\n\t\t\t<style>\/*! elementor - v3.18.0 - 20-12-2023 *\/\n.elementor-heading-title{padding:0;margin:0;line-height:1}.elementor-widget-heading .elementor-heading-title[class*=elementor-size-]>a{color:inherit;font-size:inherit;line-height:inherit}.elementor-widget-heading .elementor-heading-title.elementor-size-small{font-size:15px}.elementor-widget-heading .elementor-heading-title.elementor-size-medium{font-size:19px}.elementor-widget-heading .elementor-heading-title.elementor-size-large{font-size:29px}.elementor-widget-heading .elementor-heading-title.elementor-size-xl{font-size:39px}.elementor-widget-heading .elementor-heading-title.elementor-size-xxl{font-size:59px}<\/style><h3 class=\"elementor-heading-title elementor-size-default\">Pot\u0159ebujete pomoc?<\/h3>\t\t<\/div>\n\t\t\t\t<\/div>\n\t\t\t\t<div class=\"elementor-element elementor-element-cba30f1 elementor-widget__width-initial elementor-widget-tablet__width-inherit elementor-widget elementor-widget-text-editor\" data-id=\"cba30f1\" data-element_type=\"widget\" data-widget_type=\"text-editor.default\">\n\t\t\t\t<div class=\"elementor-widget-container\">\n\t\t\t\t\t\t\t<p>Kliknij przycisk &#8222;KONAKT&#8221;, wype\u0142nij i wy\u015blij formularz zg\u0142oszeniowy. Skontaktujemy si\u0119 z Tob\u0105 w ci\u0105gu jednego dnia roboczego.<\/p>\t\t\t\t\t\t<\/div>\n\t\t\t\t<\/div>\n\t\t\t\t\t<\/div>\n\t\t<\/div>\n\t\t\t\t<div class=\"elementor-column elementor-col-50 elementor-top-column elementor-element elementor-element-2be93b5 top column-style-top\" data-id=\"2be93b5\" data-element_type=\"column\">\n\t\t\t<div class=\"elementor-widget-wrap elementor-element-populated\">\n\t\t\t\t\t\t\t\t<div class=\"elementor-element elementor-element-e2aed80 elementor-align-justify elementor-widget elementor-widget-button\" data-id=\"e2aed80\" data-element_type=\"widget\" data-widget_type=\"button.default\">\n\t\t\t\t<div class=\"elementor-widget-container\">\n\t\t\t\t\t<div class=\"elementor-button-wrapper\">\n\t\t\t<a class=\"elementor-button elementor-button-link elementor-size-sm\" href=\"#elementor-action%3Aaction%3Dpopup%3Aopen%26settings%3DeyJpZCI6IjEzNDUyIiwidG9nZ2xlIjpmYWxzZX0%3D\">\n\t\t\t\t\t\t<span class=\"elementor-button-content-wrapper\">\n\t\t\t\t\t\t<span class=\"elementor-button-text\">Kontakt<\/span>\n\t\t<\/span>\n\t\t\t\t\t<\/a>\n\t\t<\/div>\n\t\t\t\t<\/div>\n\t\t\t\t<\/div>\n\t\t\t\t\t<\/div>\n\t\t<\/div>\n\t\t\t\t\t\t\t<\/div>\n\t\t<\/section>\n\t\t\t\t\t\t\t<\/div>","protected":false},"excerpt":{"rendered":"<p>Zpracov\u00e1n\u00ed plast\u016f Nov\u00e9 v\u00fdrobky V\u00fdroba technick\u00fdch d\u00edl\u016f z polyuretanu. Regenerace opot\u0159ebiteln\u00fdch d\u00edl\u016f Regenerace r\u016fzn\u00fdch technick\u00fdch d\u00edl\u016f. Kontaktujte spole\u010dnost ASMA POLAND je\u0161t\u011b dnes.P\u0159esv\u011bd\u010dte se, \u017ee spolupr\u00e1ce s na\u0161\u00ed spole\u010dnost\u00ed je tou nejlep\u0161\u00ed volbou a v\u00e1\u0161 projekt zpracov\u00e1n\u00ed plast\u016f je v dobr\u00fdch rukou.  Z\u00edskejte odbornou pomoc +48 539 020 702 Asma Polska dod\u00e1v\u00e1 [...]<\/p>","protected":false},"author":1,"featured_media":0,"parent":0,"menu_order":0,"comment_status":"closed","ping_status":"closed","template":"","meta":{"_monsterinsights_skip_tracking":false,"_monsterinsights_sitenote_active":false,"_monsterinsights_sitenote_note":"","_monsterinsights_sitenote_category":0},"acf":[],"yoast_head":"<!-- This site is optimized with the Yoast SEO plugin v20.2.1 - https:\/\/yoast.com\/wordpress\/plugins\/seo\/ -->\n<title>Oferta - Asmapoland<\/title>\n<meta name=\"robots\" content=\"index, follow, max-snippet:-1, max-image-preview:large, max-video-preview:-1\" \/>\n<link rel=\"canonical\" href=\"https:\/\/asmapoland.com\/cs\/nabidka\/\" \/>\n<meta property=\"og:locale\" content=\"cs_CZ\" \/>\n<meta property=\"og:type\" content=\"article\" \/>\n<meta property=\"og:title\" content=\"Oferta - Asmapoland\" \/>\n<meta property=\"og:description\" content=\"Przetw\u00f3rstwo tworzyw sztucznych Nowe Produkty Produkcja cz\u0119\u015bci technicznych z poliuretanu. Regeneracja cz\u0119\u015bci eksploatacyjnych Regeneracja rozmaitych cz\u0119\u015bci technicznych. Skontaktuj si\u0119 z ASMA POLSKA ju\u017c dzi\u015b.Przekonaj si\u0119, \u017ce wsp\u00f3\u0142praca z nasz\u0105 firm\u0105 to najlepszy wyb\u00f3r aTw\u00f3j projekt zwi\u0105zany z przetw\u00f3rstwem tworzyw sztucznych jest w dobrych r\u0119kach.\u00a0 Otrzymaj fachow\u0105 pomoc +48 539 020 702 Asma Polska dostarcza do [&hellip;]\" \/>\n<meta property=\"og:url\" content=\"https:\/\/asmapoland.com\/cs\/nabidka\/\" \/>\n<meta property=\"og:site_name\" content=\"Asmapoland\" \/>\n<meta property=\"article:modified_time\" content=\"2026-03-10T13:23:33+00:00\" \/>\n<meta property=\"og:image\" content=\"https:\/\/asmapoland.com\/wp-content\/uploads\/2023\/01\/nowe-produkty.jpeg\" \/>\n<meta name=\"twitter:card\" content=\"summary_large_image\" \/>\n<meta name=\"twitter:label1\" content=\"Odhadovan\u00e1 doba \u010dten\u00ed\" \/>\n\t<meta name=\"twitter:data1\" content=\"2 minuty\" \/>\n<script type=\"application\/ld+json\" class=\"yoast-schema-graph\">{\"@context\":\"https:\/\/schema.org\",\"@graph\":[{\"@type\":\"WebPage\",\"@id\":\"https:\/\/asmapoland.com\/oferta\/\",\"url\":\"https:\/\/asmapoland.com\/oferta\/\",\"name\":\"Oferta - Asmapoland\",\"isPartOf\":{\"@id\":\"https:\/\/asmapoland.com\/cs\/#website\"},\"datePublished\":\"2018-07-05T01:04:27+00:00\",\"dateModified\":\"2026-03-10T13:23:33+00:00\",\"breadcrumb\":{\"@id\":\"https:\/\/asmapoland.com\/oferta\/#breadcrumb\"},\"inLanguage\":\"cs\",\"potentialAction\":[{\"@type\":\"ReadAction\",\"target\":[\"https:\/\/asmapoland.com\/oferta\/\"]}]},{\"@type\":\"BreadcrumbList\",\"@id\":\"https:\/\/asmapoland.com\/oferta\/#breadcrumb\",\"itemListElement\":[{\"@type\":\"ListItem\",\"position\":1,\"name\":\"Strona g\u0142\u00f3wna\",\"item\":\"https:\/\/asmapoland.com\/\"},{\"@type\":\"ListItem\",\"position\":2,\"name\":\"Oferta\"}]},{\"@type\":\"WebSite\",\"@id\":\"https:\/\/asmapoland.com\/cs\/#website\",\"url\":\"https:\/\/asmapoland.com\/cs\/\",\"name\":\"Asmapoland\",\"description\":\"Kolejna witryna WordPress\",\"potentialAction\":[{\"@type\":\"SearchAction\",\"target\":{\"@type\":\"EntryPoint\",\"urlTemplate\":\"https:\/\/asmapoland.com\/cs\/?s={search_term_string}\"},\"query-input\":\"required name=search_term_string\"}],\"inLanguage\":\"cs\"}]}<\/script>\n<!-- \/ Yoast SEO plugin. -->","yoast_head_json":{"title":"Oferta - Asmapoland","robots":{"index":"index","follow":"follow","max-snippet":"max-snippet:-1","max-image-preview":"max-image-preview:large","max-video-preview":"max-video-preview:-1"},"canonical":"https:\/\/asmapoland.com\/cs\/nabidka\/","og_locale":"cs_CZ","og_type":"article","og_title":"Oferta - Asmapoland","og_description":"Przetw\u00f3rstwo tworzyw sztucznych Nowe Produkty Produkcja cz\u0119\u015bci technicznych z poliuretanu. Regeneracja cz\u0119\u015bci eksploatacyjnych Regeneracja rozmaitych cz\u0119\u015bci technicznych. Skontaktuj si\u0119 z ASMA POLSKA ju\u017c dzi\u015b.Przekonaj si\u0119, \u017ce wsp\u00f3\u0142praca z nasz\u0105 firm\u0105 to najlepszy wyb\u00f3r aTw\u00f3j projekt zwi\u0105zany z przetw\u00f3rstwem tworzyw sztucznych jest w dobrych r\u0119kach.\u00a0 Otrzymaj fachow\u0105 pomoc +48 539 020 702 Asma Polska dostarcza do [&hellip;]","og_url":"https:\/\/asmapoland.com\/cs\/nabidka\/","og_site_name":"Asmapoland","article_modified_time":"2026-03-10T13:23:33+00:00","og_image":[{"url":"https:\/\/asmapoland.com\/wp-content\/uploads\/2023\/01\/nowe-produkty.jpeg"}],"twitter_card":"summary_large_image","twitter_misc":{"Odhadovan\u00e1 doba \u010dten\u00ed":"2 minuty"},"schema":{"@context":"https:\/\/schema.org","@graph":[{"@type":"WebPage","@id":"https:\/\/asmapoland.com\/oferta\/","url":"https:\/\/asmapoland.com\/oferta\/","name":"Oferta - Asmapoland","isPartOf":{"@id":"https:\/\/asmapoland.com\/cs\/#website"},"datePublished":"2018-07-05T01:04:27+00:00","dateModified":"2026-03-10T13:23:33+00:00","breadcrumb":{"@id":"https:\/\/asmapoland.com\/oferta\/#breadcrumb"},"inLanguage":"cs","potentialAction":[{"@type":"ReadAction","target":["https:\/\/asmapoland.com\/oferta\/"]}]},{"@type":"BreadcrumbList","@id":"https:\/\/asmapoland.com\/oferta\/#breadcrumb","itemListElement":[{"@type":"ListItem","position":1,"name":"Strona g\u0142\u00f3wna","item":"https:\/\/asmapoland.com\/"},{"@type":"ListItem","position":2,"name":"Oferta"}]},{"@type":"WebSite","@id":"https:\/\/asmapoland.com\/cs\/#website","url":"https:\/\/asmapoland.com\/cs\/","name":"Asmapoland","description":"Kolejna witryna WordPress","potentialAction":[{"@type":"SearchAction","target":{"@type":"EntryPoint","urlTemplate":"https:\/\/asmapoland.com\/cs\/?s={search_term_string}"},"query-input":"required name=search_term_string"}],"inLanguage":"cs"}]}},"_links":{"self":[{"href":"https:\/\/asmapoland.com\/cs\/wp-json\/wp\/v2\/pages\/3124"}],"collection":[{"href":"https:\/\/asmapoland.com\/cs\/wp-json\/wp\/v2\/pages"}],"about":[{"href":"https:\/\/asmapoland.com\/cs\/wp-json\/wp\/v2\/types\/page"}],"author":[{"embeddable":true,"href":"https:\/\/asmapoland.com\/cs\/wp-json\/wp\/v2\/users\/1"}],"replies":[{"embeddable":true,"href":"https:\/\/asmapoland.com\/cs\/wp-json\/wp\/v2\/comments?post=3124"}],"version-history":[{"count":9,"href":"https:\/\/asmapoland.com\/cs\/wp-json\/wp\/v2\/pages\/3124\/revisions"}],"predecessor-version":[{"id":15135,"href":"https:\/\/asmapoland.com\/cs\/wp-json\/wp\/v2\/pages\/3124\/revisions\/15135"}],"wp:attachment":[{"href":"https:\/\/asmapoland.com\/cs\/wp-json\/wp\/v2\/media?parent=3124"}],"curies":[{"name":"wp","href":"https:\/\/api.w.org\/{rel}","templated":true}]}}