{"id":14131,"date":"2023-02-22T13:35:00","date_gmt":"2023-02-22T13:35:00","guid":{"rendered":"https:\/\/asmapoland.com\/?page_id=14131"},"modified":"2024-09-13T06:44:38","modified_gmt":"2024-09-13T06:44:38","slug":"praca","status":"publish","type":"page","link":"https:\/\/asmapoland.com\/de\/arbeit\/","title":{"rendered":"Arbeit"},"content":{"rendered":"<div data-elementor-type=\"wp-page\" data-elementor-id=\"14131\" class=\"elementor elementor-14131\">\n\t\t\t\t\t\t\t\t\t<section class=\"elementor-section elementor-top-section elementor-element elementor-element-a1157c4 elementor-reverse-tablet elementor-reverse-mobile elementor-section-boxed elementor-section-height-default elementor-section-height-default\" data-id=\"a1157c4\" data-element_type=\"section\">\n\t\t\t\t\t\t<div class=\"elementor-container elementor-column-gap-default\">\n\t\t\t\t\t<div class=\"elementor-column elementor-col-50 elementor-top-column elementor-element elementor-element-be5b1a4 top column-style-top\" data-id=\"be5b1a4\" data-element_type=\"column\">\n\t\t\t<div class=\"elementor-widget-wrap elementor-element-populated\">\n\t\t\t\t\t\t\t\t<div class=\"elementor-element elementor-element-2c26d4f elementor-widget elementor-widget-gva-heading-block\" data-id=\"2c26d4f\" data-element_type=\"widget\" data-widget_type=\"gva-heading-block.default\">\n\t\t\t\t<div class=\"elementor-widget-container\">\n\t\t\t<div class=\"gva-element-gva-heading-block gva-element\">   <div class=\"align-left style-1 widget gsc-heading box-align-left\">\r\n      <div class=\"content-inner\">\r\n         \r\n                  \r\n           \r\n         \r\n                     <h2 class=\"title\">\r\n               <span>M\u00f6chten Sie unser Team verst\u00e4rken?\n\n<\/span>\r\n            <\/h2>\r\n                              <div class=\"title-desc\">Vielleicht haben wir ein Stellenangebot f\u00fcr Sie! \n<\/div>\r\n         \r\n         \r\n      <\/div>\r\n   <\/div>\r\n   <div class=\"clearfix\"><\/div>\r\n<\/div>\t\t<\/div>\n\t\t\t\t<\/div>\n\t\t\t\t\t<\/div>\n\t\t<\/div>\n\t\t\t\t<div class=\"elementor-column elementor-col-50 elementor-top-column elementor-element elementor-element-735793e top column-style-top\" data-id=\"735793e\" data-element_type=\"column\">\n\t\t\t<div class=\"elementor-widget-wrap elementor-element-populated\">\n\t\t\t\t\t\t\t\t<div class=\"elementor-element elementor-element-e998387 elementor-widget elementor-widget-image\" data-id=\"e998387\" data-element_type=\"widget\" data-widget_type=\"image.default\">\n\t\t\t\t<div class=\"elementor-widget-container\">\n\t\t\t<style>\/*! elementor - v3.18.0 - 20-12-2023 *\/\n.elementor-widget-image{text-align:center}.elementor-widget-image a{display:inline-block}.elementor-widget-image a img[src$=\".svg\"]{width:48px}.elementor-widget-image img{vertical-align:middle;display:inline-block}<\/style>\t\t\t\t\t\t\t\t\t\t\t\t<img fetchpriority=\"high\" decoding=\"async\" width=\"1072\" height=\"712\" src=\"https:\/\/asmapoland.com\/wp-content\/uploads\/2023\/02\/praca-asmapoland.jpeg\" class=\"attachment-full size-full wp-image-14224\" alt=\"\" srcset=\"https:\/\/asmapoland.com\/wp-content\/uploads\/2023\/02\/praca-asmapoland.jpeg 1072w, https:\/\/asmapoland.com\/wp-content\/uploads\/2023\/02\/praca-asmapoland-1024x680.jpeg 1024w, https:\/\/asmapoland.com\/wp-content\/uploads\/2023\/02\/praca-asmapoland-768x510.jpeg 768w, https:\/\/asmapoland.com\/wp-content\/uploads\/2023\/02\/praca-asmapoland-18x12.jpeg 18w\" sizes=\"(max-width: 1072px) 100vw, 1072px\" \/>\t\t\t\t\t\t\t\t\t\t\t\t\t\t\t<\/div>\n\t\t\t\t<\/div>\n\t\t\t\t\t<\/div>\n\t\t<\/div>\n\t\t\t\t\t\t\t<\/div>\n\t\t<\/section>\n\t\t\t\t<section class=\"elementor-section elementor-top-section elementor-element elementor-element-9eca0ff elementor-section-boxed elementor-section-height-default elementor-section-height-default\" data-id=\"9eca0ff\" data-element_type=\"section\">\n\t\t\t\t\t\t<div class=\"elementor-container elementor-column-gap-default\">\n\t\t\t\t\t<div class=\"elementor-column elementor-col-100 elementor-top-column elementor-element elementor-element-d76cf34 top column-style-top\" data-id=\"d76cf34\" data-element_type=\"column\">\n\t\t\t<div class=\"elementor-widget-wrap elementor-element-populated\">\n\t\t\t\t\t\t\t\t<div class=\"elementor-element elementor-element-6aa4c24 elementor-widget elementor-widget-text-editor\" data-id=\"6aa4c24\" data-element_type=\"widget\" data-widget_type=\"text-editor.default\">\n\t\t\t\t<div class=\"elementor-widget-container\">\n\t\t\t<style>\/*! elementor - v3.18.0 - 20-12-2023 *\/\n.elementor-widget-text-editor.elementor-drop-cap-view-stacked .elementor-drop-cap{background-color:#69727d;color:#fff}.elementor-widget-text-editor.elementor-drop-cap-view-framed .elementor-drop-cap{color:#69727d;border:3px solid;background-color:transparent}.elementor-widget-text-editor:not(.elementor-drop-cap-view-default) .elementor-drop-cap{margin-top:8px}.elementor-widget-text-editor:not(.elementor-drop-cap-view-default) .elementor-drop-cap-letter{width:1em;height:1em}.elementor-widget-text-editor .elementor-drop-cap{float:left;text-align:center;line-height:1;font-size:50px}.elementor-widget-text-editor .elementor-drop-cap-letter{display:inline-block}<\/style>\t\t\t\t<p><span style=\"font-weight: 400;\">Wir sind ein f\u00fchrender Hersteller von technischen Teilen aus Polyurethan.\u00a0 <\/span><span style=\"font-weight: 400;\">Wir k\u00f6nnen auf 30 Jahre Erfahrung in der Kunststoffverarbeitung verweisen. <\/span><span style=\"font-weight: 400;\">Wir geh\u00f6ren zur \u00f6sterreichischen Asma Polyurethan-Gruppe. <\/span><span style=\"font-weight: 400;\">Wir lassen uns von der Erfahrung leiten und sorgen f\u00fcr eine kontinuierliche Weiterentwicklung.\u00a0 <\/span><span style=\"font-weight: 400;\">Derzeit liefern wir unsere Produkte an mehr als f\u00fcnftausend Kunden in Polen und im Ausland.\u00a0<\/span><\/p><p><span style=\"font-weight: 400;\">Unser Bedarf an neuen Mitarbeitern steigt st\u00e4ndig und vielleicht suchen wir gerade Sie!<\/span><\/p><p><span style=\"font-weight: 400;\">Wir bieten ein umfangreiches Leistungsprogramm an: SmartLunch, MultiSport, Allianz -Gruppenversicherung, Here Health -Medizinisches Leistungspaket.\u00a0<\/span><\/p><p><span style=\"font-weight: 400;\">Wenn Sie unsere Leidenschaft und unseren Erfolg teilen m\u00f6chten, bewerben Sie sich bitte auf eine unserer aktuellen Stellenausschreibungen.\u00a0<\/span><span style=\"font-weight: 400;\">Sie finden sie weiter unten. <\/span><\/p>\t\t\t\t\t\t<\/div>\n\t\t\t\t<\/div>\n\t\t\t\t\t<\/div>\n\t\t<\/div>\n\t\t\t\t\t\t\t<\/div>\n\t\t<\/section>\n\t\t\t\t<section class=\"elementor-section elementor-top-section elementor-element elementor-element-a773eb8 elementor-section-boxed elementor-section-height-default elementor-section-height-default\" data-id=\"a773eb8\" data-element_type=\"section\">\n\t\t\t\t\t\t<div class=\"elementor-container elementor-column-gap-default\">\n\t\t\t\t\t<div class=\"elementor-column elementor-col-100 elementor-top-column elementor-element elementor-element-213f4df top column-style-top\" data-id=\"213f4df\" data-element_type=\"column\">\n\t\t\t<div class=\"elementor-widget-wrap elementor-element-populated\">\n\t\t\t\t\t\t\t\t<div class=\"elementor-element elementor-element-030049b elementor-grid-3 elementor-grid-tablet-2 elementor-grid-mobile-1 elementor-widget elementor-widget-loop-grid\" data-id=\"030049b\" data-element_type=\"widget\" data-settings=\"{&quot;template_id&quot;:&quot;14254&quot;,&quot;_skin&quot;:&quot;post&quot;,&quot;columns&quot;:&quot;3&quot;,&quot;columns_tablet&quot;:&quot;2&quot;,&quot;columns_mobile&quot;:&quot;1&quot;,&quot;row_gap&quot;:{&quot;unit&quot;:&quot;px&quot;,&quot;size&quot;:&quot;&quot;,&quot;sizes&quot;:[]},&quot;row_gap_tablet&quot;:{&quot;unit&quot;:&quot;px&quot;,&quot;size&quot;:&quot;&quot;,&quot;sizes&quot;:[]},&quot;row_gap_mobile&quot;:{&quot;unit&quot;:&quot;px&quot;,&quot;size&quot;:&quot;&quot;,&quot;sizes&quot;:[]}}\" data-widget_type=\"loop-grid.post\">\n\t\t\t\t<div class=\"elementor-widget-container\">\n\t\t\t<link rel=\"stylesheet\" href=\"https:\/\/asmapoland.com\/wp-content\/plugins\/elementor-pro\/assets\/css\/widget-loop-builder.min.css\">\t\t<div class=\"elementor-loop-container elementor-grid\">\n\t\t<style id=\"loop-14254\">.elementor-14254 .elementor-element.elementor-element-058bbd4 .elementor-heading-title{color:#000000;}.elementor-14254 .elementor-element.elementor-element-aae0d6a{color:#353535;}.elementor-14254 .elementor-element.elementor-element-97db666 .elementor-button{fill:#FFFFFF;color:#FFFFFF;background-color:#79B41B;}.elementor-14254 .elementor-element.elementor-element-97db666 .elementor-button:hover, .elementor-14254 .elementor-element.elementor-element-97db666 .elementor-button:focus{background-color:#151515;}.elementor-14254 .elementor-element.elementor-element-be8b326 .eael-contact-form-7 .wpcf7-form p:not(:last-of-type) .wpcf7-form-control-wrap{margin-bottom:0px;}<\/style>\t\t<div data-elementor-type=\"loop-item\" data-elementor-id=\"14254\" class=\"elementor elementor-14254 e-loop-item-14292 e-loop-item\">\n\t\t\t\t\t\t\t\t<section class=\"elementor-section elementor-top-section elementor-element elementor-element-55ee066 elementor-section-boxed elementor-section-height-default elementor-section-height-default\" data-id=\"55ee066\" data-element_type=\"section\">\n\t\t\t\t\t\t<div class=\"elementor-container elementor-column-gap-default\">\n\t\t\t\t\t<div class=\"elementor-column elementor-col-100 elementor-top-column elementor-element elementor-element-3f97b2b top column-style-top\" data-id=\"3f97b2b\" data-element_type=\"column\">\n\t\t\t<div class=\"elementor-widget-wrap elementor-element-populated\">\n\t\t\t\t\t\t\t\t<div class=\"elementor-element elementor-element-058bbd4 elementor-widget elementor-widget-heading\" data-id=\"058bbd4\" data-element_type=\"widget\" data-widget_type=\"heading.default\">\n\t\t\t\t<div class=\"elementor-widget-container\">\n\t\t\t<style>\/*! elementor - v3.18.0 - 20-12-2023 *\/\n.elementor-heading-title{padding:0;margin:0;line-height:1}.elementor-widget-heading .elementor-heading-title[class*=elementor-size-]>a{color:inherit;font-size:inherit;line-height:inherit}.elementor-widget-heading .elementor-heading-title.elementor-size-small{font-size:15px}.elementor-widget-heading .elementor-heading-title.elementor-size-medium{font-size:19px}.elementor-widget-heading .elementor-heading-title.elementor-size-large{font-size:29px}.elementor-widget-heading .elementor-heading-title.elementor-size-xl{font-size:39px}.elementor-widget-heading .elementor-heading-title.elementor-size-xxl{font-size:59px}<\/style><h2 class=\"elementor-heading-title elementor-size-default\"><a href=\"https:\/\/www.olx.pl\/oferta\/praca\/pracownik-produkcji-asma-w-woli-duckiej-k-otwocka-minska-maz-CID4-ID1176eo.html?bs=olx_pro_listing\">Wir stellen einen Produktionsmitarbeiter ein\n<\/a><\/h2>\t\t<\/div>\n\t\t\t\t<\/div>\n\t\t\t\t<div class=\"elementor-element elementor-element-aae0d6a elementor-widget elementor-widget-text-editor\" data-id=\"aae0d6a\" data-element_type=\"widget\" data-widget_type=\"text-editor.default\">\n\t\t\t\t<div class=\"elementor-widget-container\">\n\t\t\t\t\t\t\tKurze Beschreibung des Stellenangebots\t\t\t\t\t\t<\/div>\n\t\t\t\t<\/div>\n\t\t\t\t<div class=\"elementor-element elementor-element-97db666 elementor-align-justify elementor-widget elementor-widget-button\" data-id=\"97db666\" data-element_type=\"widget\" data-widget_type=\"button.default\">\n\t\t\t\t<div class=\"elementor-widget-container\">\n\t\t\t\t\t<div class=\"elementor-button-wrapper\">\n\t\t\t<a class=\"elementor-button elementor-button-link elementor-size-sm\" href=\"#elementor-action%3Aaction%3Dpopup%3Aopen%26settings%3DeyJpZCI6IjE0MjM1IiwidG9nZ2xlIjpmYWxzZX0%3D\">\n\t\t\t\t\t\t<span class=\"elementor-button-content-wrapper\">\n\t\t\t\t\t\t<span class=\"elementor-button-text\">BEWERBEN SIE SICH!<\/span>\n\t\t<\/span>\n\t\t\t\t\t<\/a>\n\t\t<\/div>\n\t\t\t\t<\/div>\n\t\t\t\t<\/div>\n\t\t\t\t\t<\/div>\n\t\t<\/div>\n\t\t\t\t\t\t\t<\/div>\n\t\t<\/section>\n\t\t\t\t<section class=\"elementor-section elementor-top-section elementor-element elementor-element-b05a9cd elementor-section-boxed elementor-section-height-default elementor-section-height-default\" data-id=\"b05a9cd\" data-element_type=\"section\">\n\t\t\t\t\t\t<div class=\"elementor-container elementor-column-gap-default\">\n\t\t\t\t\t<div class=\"elementor-column elementor-col-100 elementor-top-column elementor-element elementor-element-b48fc41 top column-style-top\" data-id=\"b48fc41\" data-element_type=\"column\">\n\t\t\t<div class=\"elementor-widget-wrap elementor-element-populated\">\n\t\t\t\t\t\t\t\t\t<\/div>\n\t\t<\/div>\n\t\t\t\t\t\t\t<\/div>\n\t\t<\/section>\n\t\t\t\t\t\t<\/div>\n\t\t\t\t<div data-elementor-type=\"loop-item\" data-elementor-id=\"14254\" class=\"elementor elementor-14254 e-loop-item-14291 e-loop-item\">\n\t\t\t\t\t\t\t\t<section class=\"elementor-section elementor-top-section elementor-element elementor-element-55ee066 elementor-section-boxed elementor-section-height-default elementor-section-height-default\" data-id=\"55ee066\" data-element_type=\"section\">\n\t\t\t\t\t\t<div class=\"elementor-container elementor-column-gap-default\">\n\t\t\t\t\t<div class=\"elementor-column elementor-col-100 elementor-top-column elementor-element elementor-element-3f97b2b top column-style-top\" data-id=\"3f97b2b\" data-element_type=\"column\">\n\t\t\t<div class=\"elementor-widget-wrap elementor-element-populated\">\n\t\t\t\t\t\t\t\t<div class=\"elementor-element elementor-element-058bbd4 elementor-widget elementor-widget-heading\" data-id=\"058bbd4\" data-element_type=\"widget\" data-widget_type=\"heading.default\">\n\t\t\t\t<div class=\"elementor-widget-container\">\n\t\t\t<h2 class=\"elementor-heading-title elementor-size-default\"><a href=\"https:\/\/www.olx.pl\/oferta\/praca\/pracownik-produkcji-asma-w-woli-duckiej-k-otwocka-minska-maz-CID4-ID1176eo.html?bs=olx_pro_listing\">Wir stellen einen Produktionsmitarbeiter ein\n<\/a><\/h2>\t\t<\/div>\n\t\t\t\t<\/div>\n\t\t\t\t<div class=\"elementor-element elementor-element-aae0d6a elementor-widget elementor-widget-text-editor\" data-id=\"aae0d6a\" data-element_type=\"widget\" data-widget_type=\"text-editor.default\">\n\t\t\t\t<div class=\"elementor-widget-container\">\n\t\t\t\t\t\t\tKurze Beschreibung des Stellenangebots\t\t\t\t\t\t<\/div>\n\t\t\t\t<\/div>\n\t\t\t\t<div class=\"elementor-element elementor-element-97db666 elementor-align-justify elementor-widget elementor-widget-button\" data-id=\"97db666\" data-element_type=\"widget\" data-widget_type=\"button.default\">\n\t\t\t\t<div class=\"elementor-widget-container\">\n\t\t\t\t\t<div class=\"elementor-button-wrapper\">\n\t\t\t<a class=\"elementor-button elementor-button-link elementor-size-sm\" href=\"#elementor-action%3Aaction%3Dpopup%3Aopen%26settings%3DeyJpZCI6IjE0MjM1IiwidG9nZ2xlIjpmYWxzZX0%3D\">\n\t\t\t\t\t\t<span class=\"elementor-button-content-wrapper\">\n\t\t\t\t\t\t<span class=\"elementor-button-text\">BEWERBEN SIE SICH!<\/span>\n\t\t<\/span>\n\t\t\t\t\t<\/a>\n\t\t<\/div>\n\t\t\t\t<\/div>\n\t\t\t\t<\/div>\n\t\t\t\t\t<\/div>\n\t\t<\/div>\n\t\t\t\t\t\t\t<\/div>\n\t\t<\/section>\n\t\t\t\t<section class=\"elementor-section elementor-top-section elementor-element elementor-element-b05a9cd elementor-section-boxed elementor-section-height-default elementor-section-height-default\" data-id=\"b05a9cd\" data-element_type=\"section\">\n\t\t\t\t\t\t<div class=\"elementor-container elementor-column-gap-default\">\n\t\t\t\t\t<div class=\"elementor-column elementor-col-100 elementor-top-column elementor-element elementor-element-b48fc41 top column-style-top\" data-id=\"b48fc41\" data-element_type=\"column\">\n\t\t\t<div class=\"elementor-widget-wrap elementor-element-populated\">\n\t\t\t\t\t\t\t\t\t<\/div>\n\t\t<\/div>\n\t\t\t\t\t\t\t<\/div>\n\t\t<\/section>\n\t\t\t\t\t\t<\/div>\n\t\t\t\t<div data-elementor-type=\"loop-item\" data-elementor-id=\"14254\" class=\"elementor elementor-14254 e-loop-item-14253 e-loop-item\">\n\t\t\t\t\t\t\t\t<section class=\"elementor-section elementor-top-section elementor-element elementor-element-55ee066 elementor-section-boxed elementor-section-height-default elementor-section-height-default\" data-id=\"55ee066\" data-element_type=\"section\">\n\t\t\t\t\t\t<div class=\"elementor-container elementor-column-gap-default\">\n\t\t\t\t\t<div class=\"elementor-column elementor-col-100 elementor-top-column elementor-element elementor-element-3f97b2b top column-style-top\" data-id=\"3f97b2b\" data-element_type=\"column\">\n\t\t\t<div class=\"elementor-widget-wrap elementor-element-populated\">\n\t\t\t\t\t\t\t\t<div class=\"elementor-element elementor-element-058bbd4 elementor-widget elementor-widget-heading\" data-id=\"058bbd4\" data-element_type=\"widget\" data-widget_type=\"heading.default\">\n\t\t\t\t<div class=\"elementor-widget-container\">\n\t\t\t<h2 class=\"elementor-heading-title elementor-size-default\"><a href=\"https:\/\/www.olx.pl\/oferta\/praca\/pracownik-produkcji-asma-w-woli-duckiej-k-otwocka-minska-maz-CID4-ID1176eo.html?bs=olx_pro_listing\">Wir stellen einen Produktionsmitarbeiter ein\n<\/a><\/h2>\t\t<\/div>\n\t\t\t\t<\/div>\n\t\t\t\t<div class=\"elementor-element elementor-element-aae0d6a elementor-widget elementor-widget-text-editor\" data-id=\"aae0d6a\" data-element_type=\"widget\" data-widget_type=\"text-editor.default\">\n\t\t\t\t<div class=\"elementor-widget-container\">\n\t\t\t\t\t\t\tKurze Beschreibung des Stellenangebots\t\t\t\t\t\t<\/div>\n\t\t\t\t<\/div>\n\t\t\t\t<div class=\"elementor-element elementor-element-97db666 elementor-align-justify elementor-widget elementor-widget-button\" data-id=\"97db666\" data-element_type=\"widget\" data-widget_type=\"button.default\">\n\t\t\t\t<div class=\"elementor-widget-container\">\n\t\t\t\t\t<div class=\"elementor-button-wrapper\">\n\t\t\t<a class=\"elementor-button elementor-button-link elementor-size-sm\" href=\"#elementor-action%3Aaction%3Dpopup%3Aopen%26settings%3DeyJpZCI6IjE0MjM1IiwidG9nZ2xlIjpmYWxzZX0%3D\">\n\t\t\t\t\t\t<span class=\"elementor-button-content-wrapper\">\n\t\t\t\t\t\t<span class=\"elementor-button-text\">BEWERBEN SIE SICH!<\/span>\n\t\t<\/span>\n\t\t\t\t\t<\/a>\n\t\t<\/div>\n\t\t\t\t<\/div>\n\t\t\t\t<\/div>\n\t\t\t\t\t<\/div>\n\t\t<\/div>\n\t\t\t\t\t\t\t<\/div>\n\t\t<\/section>\n\t\t\t\t<section class=\"elementor-section elementor-top-section elementor-element elementor-element-b05a9cd elementor-section-boxed elementor-section-height-default elementor-section-height-default\" data-id=\"b05a9cd\" data-element_type=\"section\">\n\t\t\t\t\t\t<div class=\"elementor-container elementor-column-gap-default\">\n\t\t\t\t\t<div class=\"elementor-column elementor-col-100 elementor-top-column elementor-element elementor-element-b48fc41 top column-style-top\" data-id=\"b48fc41\" data-element_type=\"column\">\n\t\t\t<div class=\"elementor-widget-wrap elementor-element-populated\">\n\t\t\t\t\t\t\t\t\t<\/div>\n\t\t<\/div>\n\t\t\t\t\t\t\t<\/div>\n\t\t<\/section>\n\t\t\t\t\t\t<\/div>\n\t\t\t\t<\/div>\n\t\t\n\t\t\t\t<\/div>\n\t\t\t\t<\/div>\n\t\t\t\t\t<\/div>\n\t\t<\/div>\n\t\t\t\t\t\t\t<\/div>\n\t\t<\/section>\n\t\t\t\t<section class=\"elementor-section elementor-top-section elementor-element elementor-element-be4c7b8 elementor-section-boxed elementor-section-height-default elementor-section-height-default\" data-id=\"be4c7b8\" data-element_type=\"section\">\n\t\t\t\t\t\t<div class=\"elementor-container elementor-column-gap-default\">\n\t\t\t\t\t<div class=\"elementor-column elementor-col-100 elementor-top-column elementor-element elementor-element-5ac8ddc top column-style-top\" data-id=\"5ac8ddc\" data-element_type=\"column\">\n\t\t\t<div class=\"elementor-widget-wrap elementor-element-populated\">\n\t\t\t\t\t\t\t\t<section class=\"elementor-section elementor-inner-section elementor-element elementor-element-ddc2d83 elementor-section-boxed elementor-section-height-default elementor-section-height-default\" data-id=\"ddc2d83\" data-element_type=\"section\">\n\t\t\t\t\t\t<div class=\"elementor-container elementor-column-gap-default\">\n\t\t\t\t\t<div class=\"elementor-column elementor-col-50 elementor-inner-column elementor-element elementor-element-bd05be1 top column-style-top\" data-id=\"bd05be1\" data-element_type=\"column\">\n\t\t\t<div class=\"elementor-widget-wrap\">\n\t\t\t\t\t\t\t\t\t<\/div>\n\t\t<\/div>\n\t\t\t\t<div class=\"elementor-column elementor-col-50 elementor-inner-column elementor-element elementor-element-6d3ebe1 top column-style-top\" data-id=\"6d3ebe1\" data-element_type=\"column\">\n\t\t\t<div class=\"elementor-widget-wrap\">\n\t\t\t\t\t\t\t\t\t<\/div>\n\t\t<\/div>\n\t\t\t\t\t\t\t<\/div>\n\t\t<\/section>\n\t\t\t\t\t<\/div>\n\t\t<\/div>\n\t\t\t\t\t\t\t<\/div>\n\t\t<\/section>\n\t\t\t\t\t\t\t<\/div>","protected":false},"excerpt":{"rendered":"<p>M\u00f6chten Sie unser Team verst\u00e4rken? Wir haben vielleicht ein Stellenangebot f\u00fcr Sie! Wir sind ein f\u00fchrender Hersteller von technischen Teilen aus Polyurethan.  Wir k\u00f6nnen auf 30 Jahre Erfahrung in der Kunststoffverarbeitung verweisen. Wir geh\u00f6ren zur \u00f6sterreichischen Asma Polyurethan-Gruppe. Wir lassen uns von der Erfahrung leiten und sorgen gleichzeitig f\u00fcr eine kontinuierliche Weiterentwicklung.  Derzeit liefern wir unsere Produkte an mehr als f\u00fcnftausend Kunden in Polen [...].<\/p>","protected":false},"author":1,"featured_media":0,"parent":0,"menu_order":0,"comment_status":"closed","ping_status":"closed","template":"","meta":{"_monsterinsights_skip_tracking":false,"_monsterinsights_sitenote_active":false,"_monsterinsights_sitenote_note":"","_monsterinsights_sitenote_category":0},"acf":[],"yoast_head":"<!-- This site is optimized with the Yoast SEO plugin v20.2.1 - https:\/\/yoast.com\/wordpress\/plugins\/seo\/ -->\n<title>Praca - Asmapoland<\/title>\n<meta name=\"description\" content=\"Praca\" \/>\n<meta name=\"robots\" content=\"index, follow, max-snippet:-1, max-image-preview:large, max-video-preview:-1\" \/>\n<link rel=\"canonical\" href=\"https:\/\/asmapoland.com\/de\/arbeit\/\" \/>\n<meta property=\"og:locale\" content=\"de_DE\" \/>\n<meta property=\"og:type\" content=\"article\" \/>\n<meta property=\"og:title\" content=\"Praca - Asmapoland\" \/>\n<meta property=\"og:description\" content=\"Praca\" \/>\n<meta property=\"og:url\" content=\"https:\/\/asmapoland.com\/de\/arbeit\/\" \/>\n<meta property=\"og:site_name\" content=\"Asmapoland\" \/>\n<meta property=\"article:modified_time\" content=\"2024-09-13T06:44:38+00:00\" \/>\n<meta property=\"og:image\" content=\"https:\/\/asmapoland.com\/wp-content\/uploads\/2023\/02\/praca-asmapoland.jpeg\" \/>\n<meta name=\"twitter:card\" content=\"summary_large_image\" \/>\n<meta name=\"twitter:label1\" content=\"Gesch\u00e4tzte Lesezeit\" \/>\n\t<meta name=\"twitter:data1\" content=\"2 Minuten\" \/>\n<script type=\"application\/ld+json\" class=\"yoast-schema-graph\">{\"@context\":\"https:\/\/schema.org\",\"@graph\":[{\"@type\":\"WebPage\",\"@id\":\"https:\/\/asmapoland.com\/praca\/\",\"url\":\"https:\/\/asmapoland.com\/praca\/\",\"name\":\"Praca - Asmapoland\",\"isPartOf\":{\"@id\":\"https:\/\/asmapoland.com\/cs\/#website\"},\"datePublished\":\"2023-02-22T13:35:00+00:00\",\"dateModified\":\"2024-09-13T06:44:38+00:00\",\"description\":\"Praca\",\"breadcrumb\":{\"@id\":\"https:\/\/asmapoland.com\/praca\/#breadcrumb\"},\"inLanguage\":\"de-DE\",\"potentialAction\":[{\"@type\":\"ReadAction\",\"target\":[\"https:\/\/asmapoland.com\/praca\/\"]}]},{\"@type\":\"BreadcrumbList\",\"@id\":\"https:\/\/asmapoland.com\/praca\/#breadcrumb\",\"itemListElement\":[{\"@type\":\"ListItem\",\"position\":1,\"name\":\"Strona g\u0142\u00f3wna\",\"item\":\"https:\/\/asmapoland.com\/\"},{\"@type\":\"ListItem\",\"position\":2,\"name\":\"Praca\"}]},{\"@type\":\"WebSite\",\"@id\":\"https:\/\/asmapoland.com\/cs\/#website\",\"url\":\"https:\/\/asmapoland.com\/cs\/\",\"name\":\"Asmapoland\",\"description\":\"Kolejna witryna WordPress\",\"potentialAction\":[{\"@type\":\"SearchAction\",\"target\":{\"@type\":\"EntryPoint\",\"urlTemplate\":\"https:\/\/asmapoland.com\/cs\/?s={search_term_string}\"},\"query-input\":\"required name=search_term_string\"}],\"inLanguage\":\"de-DE\"}]}<\/script>\n<!-- \/ Yoast SEO plugin. -->","yoast_head_json":{"title":"Praca - Asmapoland","description":"Praca","robots":{"index":"index","follow":"follow","max-snippet":"max-snippet:-1","max-image-preview":"max-image-preview:large","max-video-preview":"max-video-preview:-1"},"canonical":"https:\/\/asmapoland.com\/de\/arbeit\/","og_locale":"de_DE","og_type":"article","og_title":"Praca - Asmapoland","og_description":"Praca","og_url":"https:\/\/asmapoland.com\/de\/arbeit\/","og_site_name":"Asmapoland","article_modified_time":"2024-09-13T06:44:38+00:00","og_image":[{"url":"https:\/\/asmapoland.com\/wp-content\/uploads\/2023\/02\/praca-asmapoland.jpeg"}],"twitter_card":"summary_large_image","twitter_misc":{"Gesch\u00e4tzte Lesezeit":"2 Minuten"},"schema":{"@context":"https:\/\/schema.org","@graph":[{"@type":"WebPage","@id":"https:\/\/asmapoland.com\/praca\/","url":"https:\/\/asmapoland.com\/praca\/","name":"Praca - Asmapoland","isPartOf":{"@id":"https:\/\/asmapoland.com\/cs\/#website"},"datePublished":"2023-02-22T13:35:00+00:00","dateModified":"2024-09-13T06:44:38+00:00","description":"Praca","breadcrumb":{"@id":"https:\/\/asmapoland.com\/praca\/#breadcrumb"},"inLanguage":"de-DE","potentialAction":[{"@type":"ReadAction","target":["https:\/\/asmapoland.com\/praca\/"]}]},{"@type":"BreadcrumbList","@id":"https:\/\/asmapoland.com\/praca\/#breadcrumb","itemListElement":[{"@type":"ListItem","position":1,"name":"Strona g\u0142\u00f3wna","item":"https:\/\/asmapoland.com\/"},{"@type":"ListItem","position":2,"name":"Praca"}]},{"@type":"WebSite","@id":"https:\/\/asmapoland.com\/cs\/#website","url":"https:\/\/asmapoland.com\/cs\/","name":"Asmapoland","description":"Kolejna witryna WordPress","potentialAction":[{"@type":"SearchAction","target":{"@type":"EntryPoint","urlTemplate":"https:\/\/asmapoland.com\/cs\/?s={search_term_string}"},"query-input":"required name=search_term_string"}],"inLanguage":"de-DE"}]}},"_links":{"self":[{"href":"https:\/\/asmapoland.com\/de\/wp-json\/wp\/v2\/pages\/14131"}],"collection":[{"href":"https:\/\/asmapoland.com\/de\/wp-json\/wp\/v2\/pages"}],"about":[{"href":"https:\/\/asmapoland.com\/de\/wp-json\/wp\/v2\/types\/page"}],"author":[{"embeddable":true,"href":"https:\/\/asmapoland.com\/de\/wp-json\/wp\/v2\/users\/1"}],"replies":[{"embeddable":true,"href":"https:\/\/asmapoland.com\/de\/wp-json\/wp\/v2\/comments?post=14131"}],"version-history":[{"count":12,"href":"https:\/\/asmapoland.com\/de\/wp-json\/wp\/v2\/pages\/14131\/revisions"}],"predecessor-version":[{"id":14874,"href":"https:\/\/asmapoland.com\/de\/wp-json\/wp\/v2\/pages\/14131\/revisions\/14874"}],"wp:attachment":[{"href":"https:\/\/asmapoland.com\/de\/wp-json\/wp\/v2\/media?parent=14131"}],"curies":[{"name":"wp","href":"https:\/\/api.w.org\/{rel}","templated":true}]}}