{"id":14423,"date":"2023-03-01T16:23:50","date_gmt":"2023-03-01T16:23:50","guid":{"rendered":"https:\/\/asmapoland.com\/?page_id=14423"},"modified":"2025-12-17T08:55:08","modified_gmt":"2025-12-17T08:55:08","slug":"do-pobrania","status":"publish","type":"page","link":"https:\/\/asmapoland.com\/de\/zum-herunterladen\/","title":{"rendered":"Zum Herunterladen"},"content":{"rendered":"<div data-elementor-type=\"wp-post\" data-elementor-id=\"14423\" class=\"elementor elementor-14423\">\n\t\t\t\t\t\t\t\t\t<section class=\"elementor-section elementor-top-section elementor-element elementor-element-051ebff elementor-section-boxed elementor-section-height-default elementor-section-height-default\" data-id=\"051ebff\" data-element_type=\"section\">\n\t\t\t\t\t\t<div class=\"elementor-container elementor-column-gap-default\">\n\t\t\t\t\t<div class=\"elementor-column elementor-col-100 elementor-top-column elementor-element elementor-element-7a7370c top column-style-top\" data-id=\"7a7370c\" data-element_type=\"column\">\n\t\t\t<div class=\"elementor-widget-wrap elementor-element-populated\">\n\t\t\t\t\t\t\t\t<div class=\"elementor-element elementor-element-2846ae3 elementor-widget elementor-widget-heading\" data-id=\"2846ae3\" data-element_type=\"widget\" data-widget_type=\"heading.default\">\n\t\t\t\t<div class=\"elementor-widget-container\">\n\t\t\t<style>\/*! elementor - v3.18.0 - 20-12-2023 *\/\n.elementor-heading-title{padding:0;margin:0;line-height:1}.elementor-widget-heading .elementor-heading-title[class*=elementor-size-]>a{color:inherit;font-size:inherit;line-height:inherit}.elementor-widget-heading .elementor-heading-title.elementor-size-small{font-size:15px}.elementor-widget-heading .elementor-heading-title.elementor-size-medium{font-size:19px}.elementor-widget-heading .elementor-heading-title.elementor-size-large{font-size:29px}.elementor-widget-heading .elementor-heading-title.elementor-size-xl{font-size:39px}.elementor-widget-heading .elementor-heading-title.elementor-size-xxl{font-size:59px}<\/style><h3 class=\"elementor-heading-title elementor-size-default\">Herunterladen<\/h3>\t\t<\/div>\n\t\t\t\t<\/div>\n\t\t\t\t<section class=\"elementor-section elementor-inner-section elementor-element elementor-element-574b03d elementor-section-boxed elementor-section-height-default elementor-section-height-default\" data-id=\"574b03d\" data-element_type=\"section\">\n\t\t\t\t\t\t<div class=\"elementor-container elementor-column-gap-default\">\n\t\t\t\t\t<div class=\"elementor-column elementor-col-100 elementor-inner-column elementor-element elementor-element-efaef95 top column-style-top\" data-id=\"efaef95\" data-element_type=\"column\">\n\t\t\t<div class=\"elementor-widget-wrap elementor-element-populated\">\n\t\t\t\t\t\t\t\t<div class=\"elementor-element elementor-element-fb5d123 elementor-widget elementor-widget-gva-services-group\" data-id=\"fb5d123\" data-element_type=\"widget\" data-widget_type=\"gva-services-group.default\">\n\t\t\t\t<div class=\"elementor-widget-container\">\n\t\t\t<div class=\"gva-element-gva-services-group gva-element\">\r\n<div class=\"gsc-services-group layout-grid\">\r\n   <div class=\"lg-block-grid-2 md-block-grid-2 sm-block-grid-2 xs-block-grid-1 xx-block-grid-1\">\r\n               <div class=\"item-columns\">\r\n            \r\n   <div class=\"service-item style-1\">\r\n      <div class=\"service-item-content\">\r\n      \t\t<div class=\"service-image\">\t      \t\r\n\t\t\t\r\n\t\t\t\t\t\r\n\t            \t\t\t<\/div>\r\n            <div class=\"service-content\">\r\n\t\t\t\t\t\t\t\t\t<h3 class=\"title\"><span>Katalog<\/span><\/h3>\r\n\t\t\t\t\r\n\t\t\t\t\t\t\t\t\t<div class=\"desc\">Klicken Sie zum Herunterladen<\/div>\r\n\t\t\t\t\r\n\t\t\t\t\t\t\t\t\t\r\n\t\t\t\t\t<div class=\"read-more\">\r\n\t\t               <a href=\"https:\/\/asmapoland.com\/wp-content\/uploads\/2023\/03\/ASMA%20katalog%202023.pdf\">\r\n\t\t               \t<i class=\"fas fa-long-arrow-alt-right\"><\/i>\r\n\t\t               <\/a>\r\n\t\t            <\/div>\r\n\t\t\t\t\t\t\t<\/div>\r\n\t\t<\/div>\r\n\t\t\r\n\t\t        <a href=\"https:\/\/asmapoland.com\/wp-content\/uploads\/2023\/03\/ASMA katalog 2023.pdf\" class=\"link-overlay\" target=\"_blank\"><\/a>\r\n        \t<\/div>\t\t\r\n\t\r\n\r\n\r\n<!-- Style II -->\r\n\t         <\/div>\r\n               <div class=\"item-columns\">\r\n            \r\n   <div class=\"service-item style-1\">\r\n      <div class=\"service-item-content\">\r\n      \t\t<div class=\"service-image\">\t      \t\r\n\t\t\t\r\n\t\t\t\t\t\r\n\t            \t\t\t<\/div>\r\n            <div class=\"service-content\">\r\n\t\t\t\t\t\t\t\t\t<h3 class=\"title\"><span>Technische Teile<\/span><\/h3>\r\n\t\t\t\t\r\n\t\t\t\t\t\t\t\t\t<div class=\"desc\">Klicken Sie zum Herunterladen<\/div>\r\n\t\t\t\t\r\n\t\t\t\t\t\t\t\t\t\r\n\t\t\t\t\t<div class=\"read-more\">\r\n\t\t               <a href=\"https:\/\/asmapoland.com\/wp-content\/uploads\/2023\/03\/Czesci-Techniczne.jpg\">\r\n\t\t               \t<i class=\"fas fa-long-arrow-alt-right\"><\/i>\r\n\t\t               <\/a>\r\n\t\t            <\/div>\r\n\t\t\t\t\t\t\t<\/div>\r\n\t\t<\/div>\r\n\t\t\r\n\t\t        <a href=\"https:\/\/asmapoland.com\/wp-content\/uploads\/2023\/03\/Czesci-Techniczne.jpg\" class=\"link-overlay\" target=\"_blank\"><\/a>\r\n        \t<\/div>\t\t\r\n\t\r\n\r\n\r\n<!-- Style II -->\r\n\t         <\/div>\r\n               <div class=\"item-columns\">\r\n            \r\n   <div class=\"service-item style-1\">\r\n      <div class=\"service-item-content\">\r\n      \t\t<div class=\"service-image\">\t      \t\r\n\t\t\t\r\n\t\t\t\t\t\r\n\t            \t\t\t<\/div>\r\n            <div class=\"service-content\">\r\n\t\t\t\t\t\t\t\t\t<h3 class=\"title\"><span>Recycling<\/span><\/h3>\r\n\t\t\t\t\r\n\t\t\t\t\t\t\t\t\t<div class=\"desc\">Klicken Sie zum Herunterladen<\/div>\r\n\t\t\t\t\r\n\t\t\t\t\t\t\t\t\t\r\n\t\t\t\t\t<div class=\"read-more\">\r\n\t\t               <a href=\"https:\/\/asmapoland.com\/wp-content\/uploads\/2023\/03\/ASMA-Ulotka-RECYKLING.pdf\">\r\n\t\t               \t<i class=\"fas fa-long-arrow-alt-right\"><\/i>\r\n\t\t               <\/a>\r\n\t\t            <\/div>\r\n\t\t\t\t\t\t\t<\/div>\r\n\t\t<\/div>\r\n\t\t\r\n\t\t        <a href=\"https:\/\/asmapoland.com\/wp-content\/uploads\/2023\/03\/ASMA-Ulotka-RECYKLING.pdf\" class=\"link-overlay\" target=\"_blank\"><\/a>\r\n        \t<\/div>\t\t\r\n\t\r\n\r\n\r\n<!-- Style II -->\r\n\t         <\/div>\r\n         <\/div>   \r\n<\/div>\r\n<\/div>\t\t<\/div>\n\t\t\t\t<\/div>\n\t\t\t\t\t<\/div>\n\t\t<\/div>\n\t\t\t\t\t\t\t<\/div>\n\t\t<\/section>\n\t\t\t\t\t<\/div>\n\t\t<\/div>\n\t\t\t\t\t\t\t<\/div>\n\t\t<\/section>\n\t\t\t\t<section class=\"elementor-section elementor-top-section elementor-element elementor-element-d7bf8e4 elementor-section-boxed elementor-section-height-default elementor-section-height-default\" data-id=\"d7bf8e4\" data-element_type=\"section\" data-settings=\"{&quot;background_background&quot;:&quot;classic&quot;}\">\n\t\t\t\t\t\t<div class=\"elementor-container elementor-column-gap-default\">\n\t\t\t\t\t<div class=\"elementor-column elementor-col-50 elementor-top-column elementor-element elementor-element-0ff27ba top column-style-top\" data-id=\"0ff27ba\" data-element_type=\"column\" data-settings=\"{&quot;background_background&quot;:&quot;classic&quot;}\">\n\t\t\t<div class=\"elementor-widget-wrap elementor-element-populated\">\n\t\t\t\t\t\t\t\t<div class=\"elementor-element elementor-element-4ef9732 elementor-widget elementor-widget-heading\" data-id=\"4ef9732\" data-element_type=\"widget\" data-widget_type=\"heading.default\">\n\t\t\t\t<div class=\"elementor-widget-container\">\n\t\t\t<h3 class=\"elementor-heading-title elementor-size-default\">Brauchen Sie Hilfe?<\/h3>\t\t<\/div>\n\t\t\t\t<\/div>\n\t\t\t\t<div class=\"elementor-element elementor-element-cba30f1 elementor-widget__width-initial elementor-widget-tablet__width-inherit elementor-widget elementor-widget-text-editor\" data-id=\"cba30f1\" data-element_type=\"widget\" data-widget_type=\"text-editor.default\">\n\t\t\t\t<div class=\"elementor-widget-container\">\n\t\t\t<style>\/*! elementor - v3.18.0 - 20-12-2023 *\/\n.elementor-widget-text-editor.elementor-drop-cap-view-stacked .elementor-drop-cap{background-color:#69727d;color:#fff}.elementor-widget-text-editor.elementor-drop-cap-view-framed .elementor-drop-cap{color:#69727d;border:3px solid;background-color:transparent}.elementor-widget-text-editor:not(.elementor-drop-cap-view-default) .elementor-drop-cap{margin-top:8px}.elementor-widget-text-editor:not(.elementor-drop-cap-view-default) .elementor-drop-cap-letter{width:1em;height:1em}.elementor-widget-text-editor .elementor-drop-cap{float:left;text-align:center;line-height:1;font-size:50px}.elementor-widget-text-editor .elementor-drop-cap-letter{display:inline-block}<\/style>\t\t\t\t<p>Klicken Sie auf die Schaltfl\u00e4che \"KONTAKT\", f\u00fcllen Sie das Bewerbungsformular aus und senden Sie es ab. Wir werden Sie innerhalb eines Arbeitstages kontaktieren.<\/p>\t\t\t\t\t\t<\/div>\n\t\t\t\t<\/div>\n\t\t\t\t\t<\/div>\n\t\t<\/div>\n\t\t\t\t<div class=\"elementor-column elementor-col-50 elementor-top-column elementor-element elementor-element-2be93b5 top column-style-top\" data-id=\"2be93b5\" data-element_type=\"column\">\n\t\t\t<div class=\"elementor-widget-wrap elementor-element-populated\">\n\t\t\t\t\t\t\t\t<div class=\"elementor-element elementor-element-e2aed80 elementor-align-justify elementor-widget elementor-widget-button\" data-id=\"e2aed80\" data-element_type=\"widget\" data-widget_type=\"button.default\">\n\t\t\t\t<div class=\"elementor-widget-container\">\n\t\t\t\t\t<div class=\"elementor-button-wrapper\">\n\t\t\t<a class=\"elementor-button elementor-button-link elementor-size-sm\" href=\"#elementor-action%3Aaction%3Dpopup%3Aopen%26settings%3DeyJpZCI6IjEzNDUyIiwidG9nZ2xlIjpmYWxzZX0%3D\">\n\t\t\t\t\t\t<span class=\"elementor-button-content-wrapper\">\n\t\t\t\t\t\t<span class=\"elementor-button-text\">Kontakt<\/span>\n\t\t<\/span>\n\t\t\t\t\t<\/a>\n\t\t<\/div>\n\t\t\t\t<\/div>\n\t\t\t\t<\/div>\n\t\t\t\t\t<\/div>\n\t\t<\/div>\n\t\t\t\t\t\t\t<\/div>\n\t\t<\/section>\n\t\t\t\t\t\t\t<\/div>","protected":false},"excerpt":{"rendered":"<p>Pliki do pobrania Katalog Kliknij, by pobra\u0107 Cz\u0119\u015bci techniczne Kliknij, by pobra\u0107 Recykling Kliknij, by pobra\u0107 Potrzebujesz pomocy? Kliknij przycisk &#8222;KONAKT&#8221;, wype\u0142nij i wyslij formularz zg\u0142oszeniowy. Skontaktujemy si\u0119 z Tob\u0105 w ci\u0105gu jednego dznia roboczego. Kontakt<\/p>","protected":false},"author":1,"featured_media":0,"parent":0,"menu_order":0,"comment_status":"closed","ping_status":"closed","template":"","meta":{"_monsterinsights_skip_tracking":false,"_monsterinsights_sitenote_active":false,"_monsterinsights_sitenote_note":"","_monsterinsights_sitenote_category":0},"acf":[],"yoast_head":"<!-- This site is optimized with the Yoast SEO plugin v20.2.1 - https:\/\/yoast.com\/wordpress\/plugins\/seo\/ -->\n<title>Do pobrania - Asmapoland<\/title>\n<meta name=\"robots\" content=\"index, follow, max-snippet:-1, max-image-preview:large, max-video-preview:-1\" \/>\n<link rel=\"canonical\" href=\"https:\/\/asmapoland.com\/de\/zum-herunterladen\/\" \/>\n<meta property=\"og:locale\" content=\"de_DE\" \/>\n<meta property=\"og:type\" content=\"article\" \/>\n<meta property=\"og:title\" content=\"Do pobrania - Asmapoland\" \/>\n<meta property=\"og:description\" content=\"Pliki do pobrania Katalog Kliknij, by pobra\u0107 Cz\u0119\u015bci techniczne Kliknij, by pobra\u0107 Recykling Kliknij, by pobra\u0107 Potrzebujesz pomocy? Kliknij przycisk &#8222;KONAKT&#8221;, wype\u0142nij i wyslij formularz zg\u0142oszeniowy. Skontaktujemy si\u0119 z Tob\u0105 w ci\u0105gu jednego dznia roboczego. Kontakt\" \/>\n<meta property=\"og:url\" content=\"https:\/\/asmapoland.com\/de\/zum-herunterladen\/\" \/>\n<meta property=\"og:site_name\" content=\"Asmapoland\" \/>\n<meta property=\"article:modified_time\" content=\"2025-12-17T08:55:08+00:00\" \/>\n<meta name=\"twitter:card\" content=\"summary_large_image\" \/>\n<meta name=\"twitter:label1\" content=\"Gesch\u00e4tzte Lesezeit\" \/>\n\t<meta name=\"twitter:data1\" content=\"1 Minute\" \/>\n<script type=\"application\/ld+json\" class=\"yoast-schema-graph\">{\"@context\":\"https:\/\/schema.org\",\"@graph\":[{\"@type\":\"WebPage\",\"@id\":\"https:\/\/asmapoland.com\/do-pobrania\/\",\"url\":\"https:\/\/asmapoland.com\/do-pobrania\/\",\"name\":\"Do pobrania - Asmapoland\",\"isPartOf\":{\"@id\":\"https:\/\/asmapoland.com\/cs\/#website\"},\"datePublished\":\"2023-03-01T16:23:50+00:00\",\"dateModified\":\"2025-12-17T08:55:08+00:00\",\"breadcrumb\":{\"@id\":\"https:\/\/asmapoland.com\/do-pobrania\/#breadcrumb\"},\"inLanguage\":\"de-DE\",\"potentialAction\":[{\"@type\":\"ReadAction\",\"target\":[\"https:\/\/asmapoland.com\/do-pobrania\/\"]}]},{\"@type\":\"BreadcrumbList\",\"@id\":\"https:\/\/asmapoland.com\/do-pobrania\/#breadcrumb\",\"itemListElement\":[{\"@type\":\"ListItem\",\"position\":1,\"name\":\"Strona g\u0142\u00f3wna\",\"item\":\"https:\/\/asmapoland.com\/\"},{\"@type\":\"ListItem\",\"position\":2,\"name\":\"Do pobrania\"}]},{\"@type\":\"WebSite\",\"@id\":\"https:\/\/asmapoland.com\/cs\/#website\",\"url\":\"https:\/\/asmapoland.com\/cs\/\",\"name\":\"Asmapoland\",\"description\":\"Kolejna witryna WordPress\",\"potentialAction\":[{\"@type\":\"SearchAction\",\"target\":{\"@type\":\"EntryPoint\",\"urlTemplate\":\"https:\/\/asmapoland.com\/cs\/?s={search_term_string}\"},\"query-input\":\"required name=search_term_string\"}],\"inLanguage\":\"de-DE\"}]}<\/script>\n<!-- \/ Yoast SEO plugin. -->","yoast_head_json":{"title":"Do pobrania - Asmapoland","robots":{"index":"index","follow":"follow","max-snippet":"max-snippet:-1","max-image-preview":"max-image-preview:large","max-video-preview":"max-video-preview:-1"},"canonical":"https:\/\/asmapoland.com\/de\/zum-herunterladen\/","og_locale":"de_DE","og_type":"article","og_title":"Do pobrania - Asmapoland","og_description":"Pliki do pobrania Katalog Kliknij, by pobra\u0107 Cz\u0119\u015bci techniczne Kliknij, by pobra\u0107 Recykling Kliknij, by pobra\u0107 Potrzebujesz pomocy? Kliknij przycisk &#8222;KONAKT&#8221;, wype\u0142nij i wyslij formularz zg\u0142oszeniowy. Skontaktujemy si\u0119 z Tob\u0105 w ci\u0105gu jednego dznia roboczego. Kontakt","og_url":"https:\/\/asmapoland.com\/de\/zum-herunterladen\/","og_site_name":"Asmapoland","article_modified_time":"2025-12-17T08:55:08+00:00","twitter_card":"summary_large_image","twitter_misc":{"Gesch\u00e4tzte Lesezeit":"1 Minute"},"schema":{"@context":"https:\/\/schema.org","@graph":[{"@type":"WebPage","@id":"https:\/\/asmapoland.com\/do-pobrania\/","url":"https:\/\/asmapoland.com\/do-pobrania\/","name":"Do pobrania - Asmapoland","isPartOf":{"@id":"https:\/\/asmapoland.com\/cs\/#website"},"datePublished":"2023-03-01T16:23:50+00:00","dateModified":"2025-12-17T08:55:08+00:00","breadcrumb":{"@id":"https:\/\/asmapoland.com\/do-pobrania\/#breadcrumb"},"inLanguage":"de-DE","potentialAction":[{"@type":"ReadAction","target":["https:\/\/asmapoland.com\/do-pobrania\/"]}]},{"@type":"BreadcrumbList","@id":"https:\/\/asmapoland.com\/do-pobrania\/#breadcrumb","itemListElement":[{"@type":"ListItem","position":1,"name":"Strona g\u0142\u00f3wna","item":"https:\/\/asmapoland.com\/"},{"@type":"ListItem","position":2,"name":"Do pobrania"}]},{"@type":"WebSite","@id":"https:\/\/asmapoland.com\/cs\/#website","url":"https:\/\/asmapoland.com\/cs\/","name":"Asmapoland","description":"Kolejna witryna WordPress","potentialAction":[{"@type":"SearchAction","target":{"@type":"EntryPoint","urlTemplate":"https:\/\/asmapoland.com\/cs\/?s={search_term_string}"},"query-input":"required name=search_term_string"}],"inLanguage":"de-DE"}]}},"_links":{"self":[{"href":"https:\/\/asmapoland.com\/de\/wp-json\/wp\/v2\/pages\/14423"}],"collection":[{"href":"https:\/\/asmapoland.com\/de\/wp-json\/wp\/v2\/pages"}],"about":[{"href":"https:\/\/asmapoland.com\/de\/wp-json\/wp\/v2\/types\/page"}],"author":[{"embeddable":true,"href":"https:\/\/asmapoland.com\/de\/wp-json\/wp\/v2\/users\/1"}],"replies":[{"embeddable":true,"href":"https:\/\/asmapoland.com\/de\/wp-json\/wp\/v2\/comments?post=14423"}],"version-history":[{"count":6,"href":"https:\/\/asmapoland.com\/de\/wp-json\/wp\/v2\/pages\/14423\/revisions"}],"predecessor-version":[{"id":15102,"href":"https:\/\/asmapoland.com\/de\/wp-json\/wp\/v2\/pages\/14423\/revisions\/15102"}],"wp:attachment":[{"href":"https:\/\/asmapoland.com\/de\/wp-json\/wp\/v2\/media?parent=14423"}],"curies":[{"name":"wp","href":"https:\/\/api.w.org\/{rel}","templated":true}]}}