{"id":14309,"date":"2023-02-24T15:39:09","date_gmt":"2023-02-24T15:39:09","guid":{"rendered":"https:\/\/asmapoland.com\/?page_id=14309"},"modified":"2024-06-17T12:53:18","modified_gmt":"2024-06-17T12:53:18","slug":"certyfikaty","status":"publish","type":"page","link":"https:\/\/asmapoland.com\/en\/o-nas\/certificates\/","title":{"rendered":"Certificates"},"content":{"rendered":"<div data-elementor-type=\"wp-post\" data-elementor-id=\"14309\" class=\"elementor elementor-14309\">\n\t\t\t\t\t\t\t\t\t<section class=\"elementor-section elementor-top-section elementor-element elementor-element-ad7433b elementor-reverse-tablet elementor-reverse-mobile elementor-section-boxed elementor-section-height-default elementor-section-height-default\" data-id=\"ad7433b\" data-element_type=\"section\">\n\t\t\t\t\t\t<div class=\"elementor-container elementor-column-gap-default\">\n\t\t\t\t\t<div class=\"elementor-column elementor-col-50 elementor-top-column elementor-element elementor-element-e7ed55a top column-style-top\" data-id=\"e7ed55a\" data-element_type=\"column\" data-settings=\"{&quot;background_background&quot;:&quot;classic&quot;}\">\n\t\t\t<div class=\"elementor-widget-wrap elementor-element-populated\">\n\t\t\t\t\t\t\t\t<div class=\"elementor-element elementor-element-a07fdfe elementor-widget elementor-widget-image\" data-id=\"a07fdfe\" data-element_type=\"widget\" data-widget_type=\"image.default\">\n\t\t\t\t<div class=\"elementor-widget-container\">\n\t\t\t<style>\/*! elementor - v3.18.0 - 20-12-2023 *\/\n.elementor-widget-image{text-align:center}.elementor-widget-image a{display:inline-block}.elementor-widget-image a img[src$=\".svg\"]{width:48px}.elementor-widget-image img{vertical-align:middle;display:inline-block}<\/style>\t\t\t\t\t\t\t\t\t<figure class=\"wp-caption\">\n\t\t\t\t\t\t\t\t\t\t<img fetchpriority=\"high\" decoding=\"async\" width=\"1131\" height=\"1600\" src=\"https:\/\/asmapoland.com\/wp-content\/uploads\/2024\/06\/certasma.jpg\" class=\"attachment-full size-full wp-image-14811\" alt=\"\" srcset=\"https:\/\/asmapoland.com\/wp-content\/uploads\/2024\/06\/certasma.jpg 1131w, https:\/\/asmapoland.com\/wp-content\/uploads\/2024\/06\/certasma-724x1024.jpg 724w, https:\/\/asmapoland.com\/wp-content\/uploads\/2024\/06\/certasma-768x1086.jpg 768w, https:\/\/asmapoland.com\/wp-content\/uploads\/2024\/06\/certasma-8x12.jpg 8w\" sizes=\"(max-width: 1131px) 100vw, 1131px\" \/>\t\t\t\t\t\t\t\t\t\t\t<figcaption class=\"widget-image-caption wp-caption-text\">DEKRA - Manufacture and reconditioning of polyurethane products<\/figcaption>\n\t\t\t\t\t\t\t\t\t\t<\/figure>\n\t\t\t\t\t\t\t\t\t<\/div>\n\t\t\t\t<\/div>\n\t\t\t\t\t<\/div>\n\t\t<\/div>\n\t\t\t\t<div class=\"elementor-column elementor-col-50 elementor-top-column elementor-element elementor-element-7312e48 top column-style-top\" data-id=\"7312e48\" data-element_type=\"column\">\n\t\t\t<div class=\"elementor-widget-wrap elementor-element-populated\">\n\t\t\t\t\t\t\t\t<div class=\"elementor-element elementor-element-67cbe0c elementor-widget elementor-widget-gva-heading-block\" data-id=\"67cbe0c\" data-element_type=\"widget\" data-widget_type=\"gva-heading-block.default\">\n\t\t\t\t<div class=\"elementor-widget-container\">\n\t\t\t<div class=\"gva-element-gva-heading-block gva-element\">   <div class=\"align-left style-1 widget gsc-heading box-align-left\">\r\n      <div class=\"content-inner\">\r\n         \r\n                  \r\n           \r\n         \r\n                     <h2 class=\"title\">\r\n               <span>Our certificates,\nawards<\/span>\r\n            <\/h2>\r\n                  \r\n         \r\n      <\/div>\r\n   <\/div>\r\n   <div class=\"clearfix\"><\/div>\r\n<\/div>\t\t<\/div>\n\t\t\t\t<\/div>\n\t\t\t\t<div class=\"elementor-element elementor-element-7a69726 elementor-widget elementor-widget-text-editor\" data-id=\"7a69726\" data-element_type=\"widget\" data-widget_type=\"text-editor.default\">\n\t\t\t\t<div class=\"elementor-widget-container\">\n\t\t\t<style>\/*! elementor - v3.18.0 - 20-12-2023 *\/\n.elementor-widget-text-editor.elementor-drop-cap-view-stacked .elementor-drop-cap{background-color:#69727d;color:#fff}.elementor-widget-text-editor.elementor-drop-cap-view-framed .elementor-drop-cap{color:#69727d;border:3px solid;background-color:transparent}.elementor-widget-text-editor:not(.elementor-drop-cap-view-default) .elementor-drop-cap{margin-top:8px}.elementor-widget-text-editor:not(.elementor-drop-cap-view-default) .elementor-drop-cap-letter{width:1em;height:1em}.elementor-widget-text-editor .elementor-drop-cap{float:left;text-align:center;line-height:1;font-size:50px}.elementor-widget-text-editor .elementor-drop-cap-letter{display:inline-block}<\/style>\t\t\t\t<p>We have been recognised by the industry for our consistent commitment to providing comprehensive, personalised solutions that help our clients perform better and achieve high industry standing. Below is a list of the accolades and certifications we have earned.<\/p>\t\t\t\t\t\t<\/div>\n\t\t\t\t<\/div>\n\t\t\t\t\t<\/div>\n\t\t<\/div>\n\t\t\t\t\t\t\t<\/div>\n\t\t<\/section>\n\t\t\t\t<section class=\"elementor-section elementor-top-section elementor-element elementor-element-9982275 elementor-section-boxed elementor-section-height-default elementor-section-height-default\" data-id=\"9982275\" data-element_type=\"section\" data-settings=\"{&quot;background_background&quot;:&quot;classic&quot;}\">\n\t\t\t\t\t\t<div class=\"elementor-container elementor-column-gap-default\">\n\t\t\t\t\t<div class=\"elementor-column elementor-col-50 elementor-top-column elementor-element elementor-element-a5daf59 top column-style-top\" data-id=\"a5daf59\" data-element_type=\"column\" data-settings=\"{&quot;background_background&quot;:&quot;classic&quot;}\">\n\t\t\t<div class=\"elementor-widget-wrap elementor-element-populated\">\n\t\t\t\t\t\t\t\t<div class=\"elementor-element elementor-element-5fab0cc elementor-widget elementor-widget-heading\" data-id=\"5fab0cc\" data-element_type=\"widget\" data-widget_type=\"heading.default\">\n\t\t\t\t<div class=\"elementor-widget-container\">\n\t\t\t<style>\/*! elementor - v3.18.0 - 20-12-2023 *\/\n.elementor-heading-title{padding:0;margin:0;line-height:1}.elementor-widget-heading .elementor-heading-title[class*=elementor-size-]>a{color:inherit;font-size:inherit;line-height:inherit}.elementor-widget-heading .elementor-heading-title.elementor-size-small{font-size:15px}.elementor-widget-heading .elementor-heading-title.elementor-size-medium{font-size:19px}.elementor-widget-heading .elementor-heading-title.elementor-size-large{font-size:29px}.elementor-widget-heading .elementor-heading-title.elementor-size-xl{font-size:39px}.elementor-widget-heading .elementor-heading-title.elementor-size-xxl{font-size:59px}<\/style><h3 class=\"elementor-heading-title elementor-size-default\">Do you need help?<\/h3>\t\t<\/div>\n\t\t\t\t<\/div>\n\t\t\t\t<div class=\"elementor-element elementor-element-8b8950e elementor-widget__width-initial elementor-widget-tablet__width-inherit elementor-widget elementor-widget-text-editor\" data-id=\"8b8950e\" data-element_type=\"widget\" data-widget_type=\"text-editor.default\">\n\t\t\t\t<div class=\"elementor-widget-container\">\n\t\t\t\t\t\t\t<p>Click the \"CONTACT\" button, fill in and send the application form. We will contact you within one working day.<\/p>\t\t\t\t\t\t<\/div>\n\t\t\t\t<\/div>\n\t\t\t\t\t<\/div>\n\t\t<\/div>\n\t\t\t\t<div class=\"elementor-column elementor-col-50 elementor-top-column elementor-element elementor-element-66b48d6 top column-style-top\" data-id=\"66b48d6\" data-element_type=\"column\">\n\t\t\t<div class=\"elementor-widget-wrap elementor-element-populated\">\n\t\t\t\t\t\t\t\t<div class=\"elementor-element elementor-element-7f80952 elementor-align-justify elementor-widget elementor-widget-button\" data-id=\"7f80952\" data-element_type=\"widget\" data-widget_type=\"button.default\">\n\t\t\t\t<div class=\"elementor-widget-container\">\n\t\t\t\t\t<div class=\"elementor-button-wrapper\">\n\t\t\t<a class=\"elementor-button elementor-button-link elementor-size-sm\" href=\"#elementor-action%3Aaction%3Dpopup%3Aopen%26settings%3DeyJpZCI6IjEzNTk0IiwidG9nZ2xlIjpmYWxzZX0%3D\">\n\t\t\t\t\t\t<span class=\"elementor-button-content-wrapper\">\n\t\t\t\t\t\t<span class=\"elementor-button-text\">Contact<\/span>\n\t\t<\/span>\n\t\t\t\t\t<\/a>\n\t\t<\/div>\n\t\t\t\t<\/div>\n\t\t\t\t<\/div>\n\t\t\t\t\t<\/div>\n\t\t<\/div>\n\t\t\t\t\t\t\t<\/div>\n\t\t<\/section>\n\t\t\t\t<section class=\"elementor-section elementor-top-section elementor-element elementor-element-9968f4d elementor-section-boxed elementor-section-height-default elementor-section-height-default\" data-id=\"9968f4d\" data-element_type=\"section\">\n\t\t\t\t\t\t<div class=\"elementor-container elementor-column-gap-default\">\n\t\t\t\t\t<div class=\"elementor-column elementor-col-100 elementor-top-column elementor-element elementor-element-7c9e873 top column-style-top\" data-id=\"7c9e873\" data-element_type=\"column\">\n\t\t\t<div class=\"elementor-widget-wrap elementor-element-populated\">\n\t\t\t\t\t\t\t\t<div class=\"elementor-element elementor-element-5ec163a elementor-widget elementor-widget-image\" data-id=\"5ec163a\" data-element_type=\"widget\" data-widget_type=\"image.default\">\n\t\t\t\t<div class=\"elementor-widget-container\">\n\t\t\t\t\t\t\t\t\t\t\t\t\t\t\t<img decoding=\"async\" src=\"https:\/\/asmapoland.com\/wp-content\/plugins\/elementor\/assets\/images\/placeholder.png\" title=\"\" alt=\"\" loading=\"lazy\" \/>\t\t\t\t\t\t\t\t\t\t\t\t\t\t\t<\/div>\n\t\t\t\t<\/div>\n\t\t\t\t\t<\/div>\n\t\t<\/div>\n\t\t\t\t\t\t\t<\/div>\n\t\t<\/section>\n\t\t\t\t\t\t\t<\/div>","protected":false},"excerpt":{"rendered":"<p>DEKRA - Manufacturing and remanufacturing of polyurethane products Our certifications, accolades The industry has recognised us for our consistent commitment to providing comprehensive, personalised solutions that help our customers perform better and achieve a high position in the industry. Below is a list of the accolades and certifications we have earned. Need help? Click on the 'CONTACT' button, complete and submit the application form. [...]<\/p>","protected":false},"author":1,"featured_media":13084,"parent":612,"menu_order":1,"comment_status":"closed","ping_status":"closed","template":"","meta":{"_monsterinsights_skip_tracking":false,"_monsterinsights_sitenote_active":false,"_monsterinsights_sitenote_note":"","_monsterinsights_sitenote_category":0},"acf":[],"yoast_head":"<!-- This site is optimized with the Yoast SEO plugin v20.2.1 - https:\/\/yoast.com\/wordpress\/plugins\/seo\/ -->\n<title>Certyfikaty - Asmapoland<\/title>\n<meta name=\"robots\" content=\"index, follow, max-snippet:-1, max-image-preview:large, max-video-preview:-1\" \/>\n<link rel=\"canonical\" href=\"https:\/\/asmapoland.com\/en\/o-nas\/certificates\/\" \/>\n<meta property=\"og:locale\" content=\"en_GB\" \/>\n<meta property=\"og:type\" content=\"article\" \/>\n<meta property=\"og:title\" content=\"Certyfikaty - Asmapoland\" \/>\n<meta property=\"og:description\" content=\"DEKRA &#8211; Produkcja i regeneracja wyrob\u00f3w z poliuretanu Nasze certyfikaty, wyr\u00f3\u017cnienia Bran\u017ca uzna\u0142a nas za nasze konsekwentne d\u0105\u017cenie do zapewnienia kompleksowych, spersonalizowanych rozwi\u0105za\u0144, kt\u00f3re pomagaj\u0105 naszym klientom osi\u0105ga\u0107 lepsze wyniki i osi\u0105gn\u0105\u0107 wysok\u0105 pozycj\u0119 w bran\u017cy. Poni\u017cej znajduje si\u0119 lista wyr\u00f3\u017cnie\u0144 oraz certyfikat\u00f3w, kt\u00f3re zdobyli\u015bmy. Potrzebujesz pomocy? Kliknij przycisk &#8222;KONAKT&#8221;, wype\u0142nij i wyslij formularz zg\u0142oszeniowy. [&hellip;]\" \/>\n<meta property=\"og:url\" content=\"https:\/\/asmapoland.com\/en\/o-nas\/certificates\/\" \/>\n<meta property=\"og:site_name\" content=\"Asmapoland\" \/>\n<meta property=\"article:modified_time\" content=\"2024-06-17T12:53:18+00:00\" \/>\n<meta property=\"og:image\" content=\"https:\/\/asmapoland.com\/wp-content\/uploads\/2023\/01\/nowe-produkty.jpeg\" \/>\n\t<meta property=\"og:image:width\" content=\"1072\" \/>\n\t<meta property=\"og:image:height\" content=\"600\" \/>\n\t<meta property=\"og:image:type\" content=\"image\/jpeg\" \/>\n<meta name=\"twitter:card\" content=\"summary_large_image\" \/>\n<meta name=\"twitter:label1\" content=\"Estimated reading time\" \/>\n\t<meta name=\"twitter:data1\" content=\"1 minute\" \/>\n<script type=\"application\/ld+json\" class=\"yoast-schema-graph\">{\"@context\":\"https:\/\/schema.org\",\"@graph\":[{\"@type\":\"WebPage\",\"@id\":\"https:\/\/asmapoland.com\/o-nas\/certyfikaty\/\",\"url\":\"https:\/\/asmapoland.com\/o-nas\/certyfikaty\/\",\"name\":\"Certyfikaty - Asmapoland\",\"isPartOf\":{\"@id\":\"https:\/\/asmapoland.com\/cs\/#website\"},\"datePublished\":\"2023-02-24T15:39:09+00:00\",\"dateModified\":\"2024-06-17T12:53:18+00:00\",\"breadcrumb\":{\"@id\":\"https:\/\/asmapoland.com\/o-nas\/certyfikaty\/#breadcrumb\"},\"inLanguage\":\"en-GB\",\"potentialAction\":[{\"@type\":\"ReadAction\",\"target\":[\"https:\/\/asmapoland.com\/o-nas\/certyfikaty\/\"]}]},{\"@type\":\"BreadcrumbList\",\"@id\":\"https:\/\/asmapoland.com\/o-nas\/certyfikaty\/#breadcrumb\",\"itemListElement\":[{\"@type\":\"ListItem\",\"position\":1,\"name\":\"Strona g\u0142\u00f3wna\",\"item\":\"https:\/\/asmapoland.com\/\"},{\"@type\":\"ListItem\",\"position\":2,\"name\":\"O Nas\",\"item\":\"https:\/\/asmapoland.com\/o-nas\/\"},{\"@type\":\"ListItem\",\"position\":3,\"name\":\"Certyfikaty\"}]},{\"@type\":\"WebSite\",\"@id\":\"https:\/\/asmapoland.com\/cs\/#website\",\"url\":\"https:\/\/asmapoland.com\/cs\/\",\"name\":\"Asmapoland\",\"description\":\"Kolejna witryna WordPress\",\"potentialAction\":[{\"@type\":\"SearchAction\",\"target\":{\"@type\":\"EntryPoint\",\"urlTemplate\":\"https:\/\/asmapoland.com\/cs\/?s={search_term_string}\"},\"query-input\":\"required name=search_term_string\"}],\"inLanguage\":\"en-GB\"}]}<\/script>\n<!-- \/ Yoast SEO plugin. -->","yoast_head_json":{"title":"Certyfikaty - Asmapoland","robots":{"index":"index","follow":"follow","max-snippet":"max-snippet:-1","max-image-preview":"max-image-preview:large","max-video-preview":"max-video-preview:-1"},"canonical":"https:\/\/asmapoland.com\/en\/o-nas\/certificates\/","og_locale":"en_GB","og_type":"article","og_title":"Certyfikaty - Asmapoland","og_description":"DEKRA &#8211; Produkcja i regeneracja wyrob\u00f3w z poliuretanu Nasze certyfikaty, wyr\u00f3\u017cnienia Bran\u017ca uzna\u0142a nas za nasze konsekwentne d\u0105\u017cenie do zapewnienia kompleksowych, spersonalizowanych rozwi\u0105za\u0144, kt\u00f3re pomagaj\u0105 naszym klientom osi\u0105ga\u0107 lepsze wyniki i osi\u0105gn\u0105\u0107 wysok\u0105 pozycj\u0119 w bran\u017cy. Poni\u017cej znajduje si\u0119 lista wyr\u00f3\u017cnie\u0144 oraz certyfikat\u00f3w, kt\u00f3re zdobyli\u015bmy. Potrzebujesz pomocy? Kliknij przycisk &#8222;KONAKT&#8221;, wype\u0142nij i wyslij formularz zg\u0142oszeniowy. [&hellip;]","og_url":"https:\/\/asmapoland.com\/en\/o-nas\/certificates\/","og_site_name":"Asmapoland","article_modified_time":"2024-06-17T12:53:18+00:00","og_image":[{"width":1072,"height":600,"url":"https:\/\/asmapoland.com\/wp-content\/uploads\/2023\/01\/nowe-produkty.jpeg","type":"image\/jpeg"}],"twitter_card":"summary_large_image","twitter_misc":{"Estimated reading time":"1 minute"},"schema":{"@context":"https:\/\/schema.org","@graph":[{"@type":"WebPage","@id":"https:\/\/asmapoland.com\/o-nas\/certyfikaty\/","url":"https:\/\/asmapoland.com\/o-nas\/certyfikaty\/","name":"Certyfikaty - Asmapoland","isPartOf":{"@id":"https:\/\/asmapoland.com\/cs\/#website"},"datePublished":"2023-02-24T15:39:09+00:00","dateModified":"2024-06-17T12:53:18+00:00","breadcrumb":{"@id":"https:\/\/asmapoland.com\/o-nas\/certyfikaty\/#breadcrumb"},"inLanguage":"en-GB","potentialAction":[{"@type":"ReadAction","target":["https:\/\/asmapoland.com\/o-nas\/certyfikaty\/"]}]},{"@type":"BreadcrumbList","@id":"https:\/\/asmapoland.com\/o-nas\/certyfikaty\/#breadcrumb","itemListElement":[{"@type":"ListItem","position":1,"name":"Strona g\u0142\u00f3wna","item":"https:\/\/asmapoland.com\/"},{"@type":"ListItem","position":2,"name":"O Nas","item":"https:\/\/asmapoland.com\/o-nas\/"},{"@type":"ListItem","position":3,"name":"Certyfikaty"}]},{"@type":"WebSite","@id":"https:\/\/asmapoland.com\/cs\/#website","url":"https:\/\/asmapoland.com\/cs\/","name":"Asmapoland","description":"Kolejna witryna WordPress","potentialAction":[{"@type":"SearchAction","target":{"@type":"EntryPoint","urlTemplate":"https:\/\/asmapoland.com\/cs\/?s={search_term_string}"},"query-input":"required name=search_term_string"}],"inLanguage":"en-GB"}]}},"_links":{"self":[{"href":"https:\/\/asmapoland.com\/en\/wp-json\/wp\/v2\/pages\/14309"}],"collection":[{"href":"https:\/\/asmapoland.com\/en\/wp-json\/wp\/v2\/pages"}],"about":[{"href":"https:\/\/asmapoland.com\/en\/wp-json\/wp\/v2\/types\/page"}],"author":[{"embeddable":true,"href":"https:\/\/asmapoland.com\/en\/wp-json\/wp\/v2\/users\/1"}],"replies":[{"embeddable":true,"href":"https:\/\/asmapoland.com\/en\/wp-json\/wp\/v2\/comments?post=14309"}],"version-history":[{"count":7,"href":"https:\/\/asmapoland.com\/en\/wp-json\/wp\/v2\/pages\/14309\/revisions"}],"predecessor-version":[{"id":14814,"href":"https:\/\/asmapoland.com\/en\/wp-json\/wp\/v2\/pages\/14309\/revisions\/14814"}],"up":[{"embeddable":true,"href":"https:\/\/asmapoland.com\/en\/wp-json\/wp\/v2\/pages\/612"}],"wp:featuredmedia":[{"embeddable":true,"href":"https:\/\/asmapoland.com\/en\/wp-json\/wp\/v2\/media\/13084"}],"wp:attachment":[{"href":"https:\/\/asmapoland.com\/en\/wp-json\/wp\/v2\/media?parent=14309"}],"curies":[{"name":"wp","href":"https:\/\/api.w.org\/{rel}","templated":true}]}}